{"id":10898,"date":"2020-10-11T16:40:19","date_gmt":"2020-10-11T14:40:19","guid":{"rendered":"https:\/\/omatoit.ee\/?post_type=product&#038;p=10898"},"modified":"2025-06-29T10:41:39","modified_gmt":"2025-06-29T08:41:39","slug":"tort-vana-tallinn","status":"publish","type":"product","link":"https:\/\/omatoit.ee\/ru\/menuu\/tort-vana-tallinn\/","title":{"rendered":"\u0422\u043e\u0440\u0442 &#171;\u0421\u0442\u0430\u0440\u044b\u0439 \u0422\u0430\u043b\u043b\u0438\u043d\u043d&#187;"},"content":{"rendered":"<p><b>Koostisosad:<i> <\/i><\/b>suhkruga taimne vahukreem<b> <\/b><i>(<\/i>vesi, osaliselt h\u00fcdrogeenitud palmituuma\u00f5li<i>, <\/i>suhkur, stabilisaator E420ii<i>, <\/i>E460i, E466; emulgaatorid E472b<i>, <\/i><b>sojaletsitiin<\/b><i>, <\/i>E471<i>; <\/i><b>piima<\/b>valgud<i>, <\/i>sool, maitse-ja l\u00f5hnaained,<i> <\/i>happesuse regulaatorid E340ii, E331iii; toiduv\u00e4rv E160a<i>. <\/i><b>Sisaldab allergeene: piim, soja), <\/b>mascarpone juust<b> <\/b>(<b>koor<\/b>, happesuse regulaator: sidrunhape), ploom kuivatatud, suhkur, <b>muna<\/b>mass, karameliseeritud dessert (suhkur<b>, <\/b>joogivesi, <b>l\u00f5ssi<\/b>pulber, palmi\u00f5li, paksendaja (modifitseeritud maisit\u00e4rklis), stabilisaatorid (karragenaan, guarkummi, ksantaankummi), tsitrusekiud, toiduv\u00e4rv (E150b, E150c), s\u00e4ilitusaine E202.), <b>nisuj<\/b>ahu, dekor lehed (suhkur, kakaov\u00f5i, t\u00e4is<b>piima<\/b>pulber, kakao mass, emulgaator E322 (<b>sojaletsitiin)<\/b>,<b> <\/b>looduslik<b> <\/b>vanillimaitseaine. Kakao kuivained \u0161okolaadis v\u00e4hemalt 58%), lik\u00f6\u00f6r, kakaopulber.<\/p>\n<p><b>100g toodet sisaldab<\/b><i> <\/i>energiat<span class=\"Apple-converted-space\">\u00a0 <\/span>1642,7 kJ\/ 393 kcal, rasvu 21,9 g, millest k\u00fcllastunud rasvhappeid 4,4 g, s\u00fcsivesikuid 43,4 g, millest suhkruid 23,2 g, valke 5,6 g, soola 0,4 g<\/p>","protected":false},"excerpt":{"rendered":"<p>\u0428\u043e\u043a\u043e\u043b\u0430\u0434\u043d\u044b\u0439 \u0431\u0438\u0441\u043a\u0432\u0438\u0442, \u043a\u0430\u0440\u0430\u043c\u0435\u043b\u044c\u043d\u044b\u0439 \u043a\u0440\u0435\u043c \u0441 \u0447\u0435\u0440\u043d\u043e\u0441\u043b\u0438\u0432\u043e\u043c, \u0432\u0430\u0440\u0451\u043d\u044b\u043c \u0441\u0433\u0443\u0449\u0451\u043d\u044b\u043c \u043c\u043e\u043b\u043e\u043a\u043e\u043c \u0438 \u043b\u0438\u043a\u0451\u0440\u043e\u043c &#171;Vana Tallinn&#187;, \u0434\u0435\u043a\u043e\u0440\u0438\u0440\u043e\u0432\u0430\u043d \u0431\u0435\u043b\u044b\u043c \u0448\u043e\u043a\u043e\u043b\u0430\u0434\u043e\u043c<\/p>\n<p>&nbsp;<\/p>\n","protected":false},"featured_media":10901,"comment_status":"open","ping_status":"closed","template":"","meta":[],"class_list":{"0":"post-10898","1":"product","2":"type-product","3":"status-publish","4":"has-post-thumbnail","6":"product_cat-tordid-tordid","8":"first","9":"instock","10":"taxable","11":"shipping-taxable","12":"purchasable","13":"product-type-simple"},"aioseo_notices":[],"_links":{"self":[{"href":"https:\/\/omatoit.ee\/ru\/wp-json\/wp\/v2\/product\/10898","targetHints":{"allow":["GET"]}}],"collection":[{"href":"https:\/\/omatoit.ee\/ru\/wp-json\/wp\/v2\/product"}],"about":[{"href":"https:\/\/omatoit.ee\/ru\/wp-json\/wp\/v2\/types\/product"}],"replies":[{"embeddable":true,"href":"https:\/\/omatoit.ee\/ru\/wp-json\/wp\/v2\/comments?post=10898"}],"wp:featuredmedia":[{"embeddable":true,"href":"https:\/\/omatoit.ee\/ru\/wp-json\/wp\/v2\/media\/10901"}],"wp:attachment":[{"href":"https:\/\/omatoit.ee\/ru\/wp-json\/wp\/v2\/media?parent=10898"}],"curies":[{"name":"wp","href":"https:\/\/api.w.org\/{rel}","templated":true}]}}