{"id":11717,"date":"2020-11-13T08:44:08","date_gmt":"2020-11-13T06:44:08","guid":{"rendered":"https:\/\/omatoit.ee\/?post_type=product&#038;p=11717"},"modified":"2025-06-29T10:04:28","modified_gmt":"2025-06-29T08:04:28","slug":"tort-kolm-sokolaadi","status":"publish","type":"product","link":"https:\/\/omatoit.ee\/ru\/menuu\/tort-kolm-sokolaadi\/","title":{"rendered":"\u0422\u043e\u0440\u0442 &#171;\u0422\u0440\u0438 \u0448\u043e\u043a\u043e\u043b\u0430\u0434\u0430&#187;"},"content":{"rendered":"<p><strong>Koostisosad<\/strong>:\u00a0toorjuus<strong>t <\/strong>(<strong>piim,<\/strong> sool, piimhappebakterid, ens\u00fc\u00fcm: laap, paksendaja: guarkummi, s\u00e4ilitusaine: kaaliumsorbaat); \u00a0Callebaut Tume (kakaomass, suhkur, kakaov\u00f5i, emulgaator <strong>sojaletsitiin<\/strong>, loodustik l\u00f5hna- ja\u00a0maitseaine vanill), vahu<strong>koor <\/strong>35%, k\u00fcpsis Digestive (jahu <strong>nisu<\/strong> (53 %), riis, palmrasv, suhkur, <strong>nisu<\/strong>kliid, <strong>nisu <\/strong>(1,2%), kergitusained (ammooniumvesinikkarbonaat, naatriumvesinikkarbonaat), invertsuhkrusiirup, gl\u00fckoosisiirup, sool, <strong>l\u00f5ssipulber<\/strong>, l\u00f5hna- ja maitseained, emulgaator\u00a0(p\u00e4evalille letsitiin), toiduv\u00e4rvid (ammooniumkaramell, beetakaroteen)), <strong>v\u00f5i<\/strong>, suhkur, dekor lehed (suhkur, kakaov\u00f5i, t\u00e4is<strong>piima<\/strong>pulber, kakaomass, emulgaator E322 (<strong>sojaletsitiin)<\/strong>, looduslik vanillimaitseaine. Kakao kuivained \u0161okolaadis v\u00e4hemalt 58%), kakaopulber<\/p>\n<p><strong>100g toodet sisaldab<\/strong> energiat 2757,6 kJ\/ 659,7 kcal, rasvu 47,7 g, sh k\u00fcllastunud rasvhappeid 15,0\u00a0g, s\u00fcsivesikuid 50,5 g, sh suhkruid 15,1 g, valke 7,1 g, soola 1,6 g<\/p>\n<p>S\u00e4ilitustemperatuur \u00a0 +2 \u2026+6\u00b0C<\/p>","protected":false},"excerpt":{"rendered":"<p>\u0413\u0430\u0440\u043c\u043e\u043d\u0438\u0447\u043d\u043e\u0435 \u0442\u0440\u0438o \u0431\u0435\u043b\u043e\u0433\u043e, \u043c\u043e\u043b\u043e\u0447\u043d\u043e\u0433\u043e \u0438 \u0442\u0435\u043c\u043d\u043e\u0433\u043e \u0448\u043e\u043a\u043e\u043b\u0430\u0434\u0430<\/p>\n","protected":false},"featured_media":11718,"comment_status":"open","ping_status":"closed","template":"","meta":[],"class_list":{"0":"post-11717","1":"product","2":"type-product","3":"status-publish","4":"has-post-thumbnail","6":"product_cat-tordid-tordid","8":"first","9":"instock","10":"taxable","11":"shipping-taxable","12":"purchasable","13":"product-type-simple"},"aioseo_notices":[],"_links":{"self":[{"href":"https:\/\/omatoit.ee\/ru\/wp-json\/wp\/v2\/product\/11717","targetHints":{"allow":["GET"]}}],"collection":[{"href":"https:\/\/omatoit.ee\/ru\/wp-json\/wp\/v2\/product"}],"about":[{"href":"https:\/\/omatoit.ee\/ru\/wp-json\/wp\/v2\/types\/product"}],"replies":[{"embeddable":true,"href":"https:\/\/omatoit.ee\/ru\/wp-json\/wp\/v2\/comments?post=11717"}],"wp:featuredmedia":[{"embeddable":true,"href":"https:\/\/omatoit.ee\/ru\/wp-json\/wp\/v2\/media\/11718"}],"wp:attachment":[{"href":"https:\/\/omatoit.ee\/ru\/wp-json\/wp\/v2\/media?parent=11717"}],"curies":[{"name":"wp","href":"https:\/\/api.w.org\/{rel}","templated":true}]}}