{"id":13801,"date":"2021-05-18T22:06:42","date_gmt":"2021-05-18T20:06:42","guid":{"rendered":"https:\/\/omatoit.ee\/?post_type=product&#038;p=13801"},"modified":"2025-06-28T17:28:57","modified_gmt":"2025-06-28T15:28:57","slug":"tort-napoleon-750-g","status":"publish","type":"product","link":"https:\/\/omatoit.ee\/ru\/menuu\/tort-napoleon-750-g\/","title":{"rendered":"\u0422\u043e\u0440\u0442 \u041d\u0430\u043f\u043e\u043b\u0435\u043e\u043d"},"content":{"rendered":"<p><b>Koostisosad: muna, piim; nisu<\/b>jahu<b>; <\/b>suhkur, margariin<b> <\/b>(taimne rasv ja \u00f5li (80%), vesi, emulgaatorid (mono- ja digl\u00fctseriidid,\u00a0<b>sojaletsitiin<\/b>; E475); konservant kaaliumsorbaat E202; l\u00f5hnaained, mis vastavad naturaalsetele, happesuse regulaator sidrunihape, v\u00e4rv betakarotiin); margariin (taime\u00f5lid (palmi-, kookos-, rapsi\u00f5lid), joogivesi, emulgaatorid (mono- ja digl\u00fctseriidid rasvastest happed, pol\u00fcgl\u00fctseroolestrid, letsitiinid), happesuse regulaator (sidrunhape), l\u00f5hna- ja maitseaine, v\u00e4rvaine (karoteenid); joogivesi; maisit\u00e4rklis; vanillisuhkur.<\/p>\n<p><b>100 g toodet sisaldab\u00a0<\/b>energiat 1850,5 kJ\/ 442,7 kcal, rasvu 26,86 g, millest k\u00fcllastunud rasvhappeid 11,6 g, s\u00fcsivesikuid 44,4 g, millest suhkruid 20 g, valke 5,8 g, soola 0 g<b>\u00a0<\/b><\/p>\n<p>S\u00e4ilitustemperatuur <span class=\"Apple-converted-space\">\u00a0 <\/span>+2 \u2026+6\u00b0C<\/p>\n","protected":false},"excerpt":{"rendered":"<p>\u0417\u0430\u0432\u0430\u0440\u043d\u043e\u0439 \u043a\u0440\u0435\u043c<\/p>\n<p>&nbsp;<\/p>\n<p>&nbsp;<\/p>\n","protected":false},"featured_media":13800,"comment_status":"open","ping_status":"closed","template":"","meta":[],"class_list":{"0":"post-13801","1":"product","2":"type-product","3":"status-publish","4":"has-post-thumbnail","6":"product_cat-tordid-tordid","8":"first","9":"instock","10":"taxable","11":"shipping-taxable","12":"purchasable","13":"product-type-simple"},"aioseo_notices":[],"_links":{"self":[{"href":"https:\/\/omatoit.ee\/ru\/wp-json\/wp\/v2\/product\/13801","targetHints":{"allow":["GET"]}}],"collection":[{"href":"https:\/\/omatoit.ee\/ru\/wp-json\/wp\/v2\/product"}],"about":[{"href":"https:\/\/omatoit.ee\/ru\/wp-json\/wp\/v2\/types\/product"}],"replies":[{"embeddable":true,"href":"https:\/\/omatoit.ee\/ru\/wp-json\/wp\/v2\/comments?post=13801"}],"wp:featuredmedia":[{"embeddable":true,"href":"https:\/\/omatoit.ee\/ru\/wp-json\/wp\/v2\/media\/13800"}],"wp:attachment":[{"href":"https:\/\/omatoit.ee\/ru\/wp-json\/wp\/v2\/media?parent=13801"}],"curies":[{"name":"wp","href":"https:\/\/api.w.org\/{rel}","templated":true}]}}