{"id":13830,"date":"2021-06-16T22:19:16","date_gmt":"2021-06-16T20:19:16","guid":{"rendered":"https:\/\/omatoit.ee\/?post_type=product&#038;p=13830"},"modified":"2025-06-27T12:20:28","modified_gmt":"2025-06-27T10:20:28","slug":"kapsapirukas-2","status":"publish","type":"product","link":"https:\/\/omatoit.ee\/ru\/menuu\/kapsapirukas-2\/","title":{"rendered":"\u041f\u0438\u0440\u043e\u0433 \u0441 \u043a\u0430\u043f\u0443\u0441\u0442\u043e\u0439"},"content":{"rendered":"<div><strong>Koostisosad: <\/strong>kapsas 60%, <strong>nisu<\/strong>jahu, joogivesi, <strong>muna<\/strong>, kihitusmargariin (taimsed rasvad (palmi\u00f5li 72%), vesi, taimsed \u00f5lid (rapsi\u00f5li 8%), emulgaatorid (rasvhapete mono- ja digl\u00fctseriidid, p\u00e4evalilleletsitiin), sool (1,5%), happesuse regulaator sidrunhape, looduslikud maitse- ja l\u00f5hnaained, toiduv\u00e4rv beetakaroteen), majonees Provansaal (rapsi\u00f5li, vesi, suhkur, sool, <strong>l\u00f5ssi<\/strong>pulber, <strong>muna<\/strong>kollasepulber, <strong>sinepi<\/strong>pulber, paksendajad (modifitseeritud t\u00e4rklis, ksantaankummi), happesuse regulaatorid (\u00e4\u00e4dikhape, sidrunhape), s\u00e4ilitusained (kaaliumsorbaat, naatriumbensoaat), toiduv\u00e4rv (beeta-karoteen), <strong>sinepi<\/strong>l\u00f5hna-ja maitseaine)), rapsi\u00f5li, suhkur, margariin 80% (taimsed \u00f5lid ja rasvad (palmi\u00f5li,rapsi\u00f5li,osaliselt h\u00fcdrogeenitud palmi\u00f5li), vesi, emulgaatorid (E471), happesuse regulaator(E330),l\u00f5hna-ja maitseaine,v\u00e4rvaine (E160a), p\u00e4rm, sool, must pipar jahvatatud<\/div>\n<div><\/div>\n<div><strong>100g toodet sisaldab: <\/strong>energiat 2207 kJ\/ 528 kcal, rasvu 21,0g (millest k\u00fcllastunud rasvhappeid 6,1g), s\u00fcsivesikuid 67,7 g (millest suhkruid 2,4 g), valke 17,0g, soola\u00a0 1,0g<\/div>\n","protected":false},"excerpt":{"rendered":"<p>\u041f\u0438\u0440\u043e\u0433 \u0441 \u043a\u0430\u043f\u0443\u0441\u0442\u043e\u0439 \u043c\u044b \u043f\u0435\u0447\u0451\u043c \u043f\u043e \u043f\u0440\u0435\u0434\u0432\u0430\u0440\u0438\u0442\u0435\u043b\u044c\u043d\u043e\u043c\u0443 \u0437\u0430\u043a\u0430\u0437\u0443, \u0441\u0440\u043e\u043a \u0437\u0430\u043a\u0430\u0437\u0430 1 \u0434\u0435\u043d\u044c.<\/p>\n","protected":false},"featured_media":13831,"comment_status":"open","ping_status":"closed","template":"","meta":[],"class_list":{"0":"post-13830","1":"product","2":"type-product","3":"status-publish","4":"has-post-thumbnail","6":"product_cat-pagaritooted","8":"first","9":"instock","10":"taxable","11":"shipping-taxable","12":"purchasable","13":"product-type-simple"},"aioseo_notices":[],"_links":{"self":[{"href":"https:\/\/omatoit.ee\/ru\/wp-json\/wp\/v2\/product\/13830","targetHints":{"allow":["GET"]}}],"collection":[{"href":"https:\/\/omatoit.ee\/ru\/wp-json\/wp\/v2\/product"}],"about":[{"href":"https:\/\/omatoit.ee\/ru\/wp-json\/wp\/v2\/types\/product"}],"replies":[{"embeddable":true,"href":"https:\/\/omatoit.ee\/ru\/wp-json\/wp\/v2\/comments?post=13830"}],"wp:featuredmedia":[{"embeddable":true,"href":"https:\/\/omatoit.ee\/ru\/wp-json\/wp\/v2\/media\/13831"}],"wp:attachment":[{"href":"https:\/\/omatoit.ee\/ru\/wp-json\/wp\/v2\/media?parent=13830"}],"curies":[{"name":"wp","href":"https:\/\/api.w.org\/{rel}","templated":true}]}}