{"id":13832,"date":"2021-06-16T22:25:27","date_gmt":"2021-06-16T20:25:27","guid":{"rendered":"https:\/\/omatoit.ee\/?post_type=product&#038;p=13832"},"modified":"2025-06-27T12:19:51","modified_gmt":"2025-06-27T10:19:51","slug":"kanapirukas-2","status":"publish","type":"product","link":"https:\/\/omatoit.ee\/ru\/menuu\/kanapirukas-2\/","title":{"rendered":"\u041a\u0443\u0440\u043d\u0438\u043a"},"content":{"rendered":"<div><strong>Koostisosad: Nisu<\/strong>jahu, keedetud broileri kintsuliha, \u0161ampinjon, majonees Provansaal (rapsi\u00f5li, vesi, suhkur, sool, <strong>l\u00f5ssi<\/strong>pulber, <strong>muna<\/strong>kollasepulber, <strong>sinepi<\/strong>pulber, paksendajad (modifitseeritud t\u00e4rklis, ksantaankummi), happesuse regulaatorid (\u00e4\u00e4dikhape, sidrunhape), s\u00e4ilitusained (kaaliumsorbaat, naatriumbensoaat), toiduv\u00e4rv (beeta-karoteen), <strong>sinepi<\/strong>l\u00f5hna-ja maitseaine)), vesi, kihitusmargariin (taimsed rasvad (palmi\u00f5li 72%), vesi, taimsed \u00f5lid (rapsi\u00f5li 8%), emulgaatorid (rasvhapete mono- ja digl\u00fctseriidid, p\u00e4evalilleletsitiin), sool (1,5%), happesuse regulaator sidrunhape, looduslikud maitse- ja l\u00f5hnaained, toiduv\u00e4rv beetakaroteen), suhkur, mugulsibul, margariin 80% (taimsed \u00f5lid ja rasvad (palmi\u00f5li, rapsi\u00f5li, osaliselt h\u00fcdrogeenitud palmi\u00f5li),vesi, emulgaatorid (E471), happesuse regulaator(E330),l\u00f5hna-ja maitseaine, v\u00e4rvaine(E160a),s\u00f5mer riis, rapsi\u00f5li, <strong>muna<\/strong>, p\u00e4rm, till, sool<\/div>\n<div><\/div>\n<div><strong>100g toodet sisaldab: <\/strong>energiat 1302 kJ\/ 311,6 kcal, rasvu 18,4 g (millest k\u00fcllastunud rasvhappeid 8,4 g), s\u00fcsivesikuid 28,2g (millest suhkruid 2,2 g), valke 8,2 g, soola\u00a0 1,0 g<\/div>\n","protected":false},"excerpt":{"rendered":"<p>\u042d\u0442\u043e\u0442 \u043f\u0438\u0440\u043e\u0433 \u043c\u044b \u043f\u0435\u0447\u0451\u043c \u043f\u043e \u043f\u0440\u0435\u0434\u0432\u0430\u0440\u0438\u0442\u0435\u043b\u044c\u043d\u043e\u043c\u0443 \u0437\u0430\u043a\u0430\u0437\u0443, \u0441\u0440\u043e\u043a \u0437\u0430\u043a\u0430\u0437\u0430 1 \u0434\u0435\u043d\u044c<\/p>\n","protected":false},"featured_media":13833,"comment_status":"open","ping_status":"closed","template":"","meta":[],"class_list":{"0":"post-13832","1":"product","2":"type-product","3":"status-publish","4":"has-post-thumbnail","6":"product_cat-pagaritooted","8":"first","9":"instock","10":"taxable","11":"shipping-taxable","12":"purchasable","13":"product-type-simple"},"aioseo_notices":[],"_links":{"self":[{"href":"https:\/\/omatoit.ee\/ru\/wp-json\/wp\/v2\/product\/13832","targetHints":{"allow":["GET"]}}],"collection":[{"href":"https:\/\/omatoit.ee\/ru\/wp-json\/wp\/v2\/product"}],"about":[{"href":"https:\/\/omatoit.ee\/ru\/wp-json\/wp\/v2\/types\/product"}],"replies":[{"embeddable":true,"href":"https:\/\/omatoit.ee\/ru\/wp-json\/wp\/v2\/comments?post=13832"}],"wp:featuredmedia":[{"embeddable":true,"href":"https:\/\/omatoit.ee\/ru\/wp-json\/wp\/v2\/media\/13833"}],"wp:attachment":[{"href":"https:\/\/omatoit.ee\/ru\/wp-json\/wp\/v2\/media?parent=13832"}],"curies":[{"name":"wp","href":"https:\/\/api.w.org\/{rel}","templated":true}]}}