{"id":13834,"date":"2021-06-16T22:27:01","date_gmt":"2021-06-16T20:27:01","guid":{"rendered":"https:\/\/omatoit.ee\/?post_type=product&#038;p=13834"},"modified":"2025-06-28T14:19:39","modified_gmt":"2025-06-28T12:19:39","slug":"paltusepirukas","status":"publish","type":"product","link":"https:\/\/omatoit.ee\/ru\/menuu\/paltusepirukas\/","title":{"rendered":"\u041f\u0438\u0440\u043e\u0433 \u0441 \u043f\u0430\u043b\u0442\u0443\u0441\u043e\u043c"},"content":{"rendered":"<p><\/p>\n<div><strong>Koostisosad: paltuse<\/strong> filee 60%,<strong>nisu<\/strong>jahu, sibul, vesi, kihitusmargariin (taimsed rasvad (palmi\u00f5li 72%), vesi, taimsed \u00f5lid (rapsi\u00f5li 8%), emulgaatorid (rasvhapete mono- ja digl\u00fctseriidid, p\u00e4evalilleletsitiin), sool (1,5%), happesuse regulaator sidrunhape, looduslikud maitse- ja l\u00f5hnaained, toiduv\u00e4rv beetakaroteen), suhkur, <strong>muna<\/strong>, rapsi\u00f5li, margariin 80% (taimsed \u00f5lid ja rasvad (palmi\u00f5li, rapsi\u00f5li, osaliselt h\u00fcdrogeenitud palmi\u00f5li), vesi, emulgaatorid (E471), happesuse regulaator(E330), l\u00f5hna-ja maitseaine, v\u00e4rvaine(E160a), p\u00e4rm, sool<\/div>\n<div><\/div>\n<div><strong>100g toodet sisaldab: <\/strong>energiat 1041 kJ\/ 249 kcal, rasvu 11,7 g (millest k\u00fcllastunud rasvhappeid 4,7 g), s\u00fcsivesikuid 21,6 g (millest suhkruid 0,4 g), valke 14,3 g, soola 1,0g<\/div>\n<p><\/p>","protected":false},"excerpt":{"rendered":"<p>\u042d\u0442\u043e\u0442 \u043f\u0438\u0440\u043e\u0433 \u043c\u044b \u043f\u0435\u0447\u0451\u043c \u043f\u043e \u043f\u0440\u0435\u0434\u0432\u0430\u0440\u0438\u0442\u0435\u043b\u044c\u043d\u043e\u043c\u0443 \u0437\u0430\u043a\u0430\u0437\u0443, \u0441\u0440\u043e\u043a \u0437\u0430\u043a\u0430\u0437\u0430 1 \u0434\u0435\u043d\u044c<\/p>\n","protected":false},"featured_media":13835,"comment_status":"open","ping_status":"closed","template":"","meta":[],"class_list":{"0":"post-13834","1":"product","2":"type-product","3":"status-publish","4":"has-post-thumbnail","6":"product_cat-pagaritooted","8":"first","9":"instock","10":"taxable","11":"shipping-taxable","12":"purchasable","13":"product-type-simple"},"aioseo_notices":[],"_links":{"self":[{"href":"https:\/\/omatoit.ee\/ru\/wp-json\/wp\/v2\/product\/13834","targetHints":{"allow":["GET"]}}],"collection":[{"href":"https:\/\/omatoit.ee\/ru\/wp-json\/wp\/v2\/product"}],"about":[{"href":"https:\/\/omatoit.ee\/ru\/wp-json\/wp\/v2\/types\/product"}],"replies":[{"embeddable":true,"href":"https:\/\/omatoit.ee\/ru\/wp-json\/wp\/v2\/comments?post=13834"}],"wp:featuredmedia":[{"embeddable":true,"href":"https:\/\/omatoit.ee\/ru\/wp-json\/wp\/v2\/media\/13835"}],"wp:attachment":[{"href":"https:\/\/omatoit.ee\/ru\/wp-json\/wp\/v2\/media?parent=13834"}],"curies":[{"name":"wp","href":"https:\/\/api.w.org\/{rel}","templated":true}]}}