{"id":14493,"date":"2025-12-12T12:48:15","date_gmt":"2025-12-12T10:48:15","guid":{"rendered":"https:\/\/omatoit.ee\/?post_type=product&#038;p=14493"},"modified":"2025-12-12T12:54:23","modified_gmt":"2025-12-12T10:54:23","slug":"kook-sipelgapesa","status":"publish","type":"product","link":"https:\/\/omatoit.ee\/ru\/menuu\/kook-sipelgapesa\/","title":{"rendered":"\u041f\u0438\u0440\u043e\u0436\u043d\u043e\u0435 &#171;\u041c\u0443\u0440\u0430\u0432\u0435\u0439\u043d\u0438\u043a&#187;"},"content":{"rendered":"<p>Koostiosad: biskviit munamassiga\u00a0(<b>munamass, nisujahu, <\/b>suhkur,\u00a0quick Ovalett super (suhkru asendaja, paksendaja, emulgaator E471, vesi, piiritus, sidruni aroom); suhkur; vaarikas \u017eelees<span class=\"Apple-converted-space\">\u00a0<\/span> (vaarika viljad 55%, suhkur, vesi, modifitseeritud t\u00e4rklis, happesuse regulaatorid: naatriumtsitraadid, sidrunhape, stabilisaator: kaltsiumlaktaat, l\u00f5hna- ja maitseained, s\u00e4ilitusaine: kaaliumsorbaat); <b>muna<\/b>,<b> <\/b>joogiveesi,<b> <\/b>suhkruga taimne vahukreem<b> <\/b>(vesi, osaliselt h\u00fcdrogeenitud palmituuma\u00f5li, suhkur, stabilisaatorid E420ii, E460i, E466; emulgaatorid E472b; <b>sojaletsitiin<\/b>; E471;\u00a0<b>piimavalgud<\/b>; sool; maitse- ja l\u00f5hnaained; happesuse regulaatorid E340 ii, E331iii; toiduv\u00e4rv E160a.\u00a0<b>Sisaldab allergeene: piim, soja<\/b>);<b> v\u00f5i<\/b>; \u00a0Callebaut Tume (kakaomass, suhkur, kakaov\u00f5i, emulgaator <b>sojaletsitiin<\/b>, loodustik l\u00f5hna- ja\u00a0maitseaine vanill); magustatud kondenspiim<b> <\/b>(<b>lehmapiim <\/b>55%, suhkur 45%); spinat, tume kakao desserdiglasuur (suhkur, h\u00fcdrogeenitud kookos\u00f5li &#8212; CBS, naturaalne kakao 10-12%, <b>soja<\/b>letsitiin E322, tumeda \u0161okolaadi aroom, vanilliin. V\u00f5ib sisaldada <b>piima<\/b> ja <b>p\u00e4hkli<\/b> osakesi), \u017eelatiin<\/p>\n<p><b>100 g toodet sisaldab<\/b>: energiat 1516 kJ\/ 362,7 kcal, rasvu 14,7 g, millest k\u00fcllastunud rasvhappeid 0,5 g, s\u00fcsivesikuid 50,2 g, millest suhkruid 45 g, valke 5,4 g, soola\u00a0 0,1 g<\/p>\n<p>S\u00e4ilitustemperatuur <span class=\"Apple-converted-space\">\u00a0 <\/span>+2\u2026+6\u00b0C<\/p>\n","protected":false},"excerpt":{"rendered":"<p>\u043f\u0435\u0441\u043e\u0447\u043d\u043e\u0435 \u0442\u0435\u0441\u0442\u043e, \u0441\u043b\u0438\u0432\u043e\u0447\u043d\u044b\u0439 \u043a\u0440\u0435\u043c, \u0448\u043e\u043a\u043e\u043b\u0430\u0434<\/p>\n","protected":false},"featured_media":14492,"comment_status":"open","ping_status":"closed","template":"","meta":[],"class_list":{"0":"post-14493","1":"product","2":"type-product","3":"status-publish","4":"has-post-thumbnail","6":"product_cat-koogid","8":"first","9":"instock","10":"taxable","11":"shipping-taxable","12":"purchasable","13":"product-type-simple"},"aioseo_notices":[],"_links":{"self":[{"href":"https:\/\/omatoit.ee\/ru\/wp-json\/wp\/v2\/product\/14493","targetHints":{"allow":["GET"]}}],"collection":[{"href":"https:\/\/omatoit.ee\/ru\/wp-json\/wp\/v2\/product"}],"about":[{"href":"https:\/\/omatoit.ee\/ru\/wp-json\/wp\/v2\/types\/product"}],"replies":[{"embeddable":true,"href":"https:\/\/omatoit.ee\/ru\/wp-json\/wp\/v2\/comments?post=14493"}],"wp:featuredmedia":[{"embeddable":true,"href":"https:\/\/omatoit.ee\/ru\/wp-json\/wp\/v2\/media\/14492"}],"wp:attachment":[{"href":"https:\/\/omatoit.ee\/ru\/wp-json\/wp\/v2\/media?parent=14493"}],"curies":[{"name":"wp","href":"https:\/\/api.w.org\/{rel}","templated":true}]}}