{"id":14500,"date":"2025-12-12T13:22:15","date_gmt":"2025-12-12T11:22:15","guid":{"rendered":"https:\/\/omatoit.ee\/?post_type=product&#038;p=14500"},"modified":"2025-12-12T13:26:08","modified_gmt":"2025-12-12T11:26:08","slug":"bento-tort","status":"publish","type":"product","link":"https:\/\/omatoit.ee\/ru\/menuu\/bento-tort\/","title":{"rendered":"\u0422\u043e\u0440\u0442 \u0411\u0435\u043d\u0442\u043e"},"content":{"rendered":"<p><b>Koostisosad<\/b>:\u00a0 suhkur; suhkruga taimne vahukreem<b>\u00a0<\/b>(vesi; osaliselt h\u00fcdrogeenitud palmituuma\u00f5li; suhkur; stabilisaatorid E420ii, E460i, E466; emulgaatorid E472b; <b>sojaletsitiin<\/b>; E471;\u00a0<b>piima<\/b>valgud; sool; maitse- ja l\u00f5hnaained; happesuse regulaatorid E340 ii, E331iii; toiduv\u00e4rv E160a. <b>Sisaldab allergeene: piim, soja<\/b>); <b>muna<\/b>mass; <b>nisu<\/b>jahu; claro \u017eeleepulber (suhkur; happesuse regulaatorid E331, E330, E340E; \u017eeleerivad ained E407, E440; paksendajad E410, E414; gl\u00fckoos; karamell; l\u00f5hna-ja maitseaine); toiduv\u00e4rv kirsipunane (vesi; kandja E1520; toiduv\u00e4rvid E122 ja E102; s\u00e4ilitusaine E202; sool. V\u00e4rvaine sisaldus: E122:1,82%, E102: 0,42%);\u00a0biskviidi puru v\u00e4rvitud (<b>nisu<\/b>jahu; <b>muna<\/b>mass; toiduv\u00e4rv roheline (vesi; kandja E1520; toiduv\u00e4rvid E102; toiduv\u00e4rv E131; sool; s\u00e4ilitusaine E202); quick (suhkru asendaja paksendaja, emulgaator E471, vesi, piiritus, sidruni aroom).<\/p>\n<p><b>100g toodet sisaldab<\/b> energiat 816,35 kJ\/ 195,3 kcal, rasvu 7 g, millest k\u00fcllastunud rasvhappeid 0,7 g, s\u00fcsivesikuid 27,7 g, millest suhkruid 18,9 g, valke 5,4 g, soola 0,1 g<\/p>\n<p>S\u00e4ilitustemperatuur <span class=\"Apple-converted-space\">\u00a0 <\/span>+2 \u2026+6\u00b0C<\/p>","protected":false},"excerpt":{"rendered":"<p>\u0432\u0430\u043d\u0438\u043b\u044c\u043d\u044b\u0439 \u0431\u0438\u0441\u043a\u0432\u0438\u0442, \u043c\u0430\u0441\u043a\u0430\u0440\u043f\u043e\u043d\u0435 \u043a\u0440\u0435\u043c<\/p>\n<p>&nbsp;<\/p>\n","protected":false},"featured_media":14496,"comment_status":"open","ping_status":"closed","template":"","meta":[],"class_list":{"0":"post-14500","1":"product","2":"type-product","3":"status-publish","4":"has-post-thumbnail","6":"product_cat-tordid-tordid","8":"first","9":"instock","10":"taxable","11":"shipping-taxable","12":"purchasable","13":"product-type-simple"},"aioseo_notices":[],"_links":{"self":[{"href":"https:\/\/omatoit.ee\/ru\/wp-json\/wp\/v2\/product\/14500","targetHints":{"allow":["GET"]}}],"collection":[{"href":"https:\/\/omatoit.ee\/ru\/wp-json\/wp\/v2\/product"}],"about":[{"href":"https:\/\/omatoit.ee\/ru\/wp-json\/wp\/v2\/types\/product"}],"replies":[{"embeddable":true,"href":"https:\/\/omatoit.ee\/ru\/wp-json\/wp\/v2\/comments?post=14500"}],"wp:featuredmedia":[{"embeddable":true,"href":"https:\/\/omatoit.ee\/ru\/wp-json\/wp\/v2\/media\/14496"}],"wp:attachment":[{"href":"https:\/\/omatoit.ee\/ru\/wp-json\/wp\/v2\/media?parent=14500"}],"curies":[{"name":"wp","href":"https:\/\/api.w.org\/{rel}","templated":true}]}}