{"id":2380,"date":"2019-11-08T07:53:19","date_gmt":"2019-11-08T07:53:19","guid":{"rendered":"https:\/\/wp.omatoit.ee\/?post_type=product&#038;p=2380"},"modified":"2025-06-28T16:34:28","modified_gmt":"2025-06-28T14:34:28","slug":"paevalille-leib","status":"publish","type":"product","link":"https:\/\/omatoit.ee\/ru\/menuu\/paevalille-leib\/","title":{"rendered":"\u0425\u043b\u0435\u0431 \u0441 \u0441\u0435\u043c\u0435\u0447\u043a\u0430\u043c\u0438"},"content":{"rendered":"<p><strong>Koostisosad: r<\/strong><strong>ukkit\u00e4isterejahu<\/strong>,\u00a0<strong>nisujahu<\/strong>, p\u00e4evalilleseemned,\u00a0<strong>rukkijuuretis\u00a0<\/strong>(joogivesi, <strong>rukkijahu<\/strong>, k\u00e4\u00e4ritatud <strong>piimhappe<\/strong>, fermenteeritud \u00e4\u00e4dikas, sool, teraviljaalkoholi, linnaseekstrakt. V\u00f5ib sisaldada soja,\u00a0<strong>piim<\/strong>a ja <strong>p\u00e4hkleid<\/strong>), p\u00e4rm, joogivesi, sool<\/p>\n<p><strong>100 g toodet sisaldab<\/strong>: energiat 1061 kJ\/254,4 kcal, rasvu 7,4 g\u00a0 sh k\u00fcllastunud rasvhappeid 0,4g, s \u00fcsivesikuid 36,8g,sh suhkruid 4g, valke 7,8g, soola max 1,1g<\/p>\n","protected":false},"excerpt":{"rendered":"<p>\u0420\u0436\u0430\u043d\u0430\u044f \u043c\u0443\u043a\u0430 \u0433\u0440\u0443\u0431\u043e\u0433\u043e \u043f\u043e\u043c\u043e\u043b\u0430, \u043f\u0448\u0435\u043d\u0438\u0447\u043d\u0430\u044f \u043c\u0443\u043a\u0430, \u0441\u0435\u043c\u0435\u043d\u0430 \u043f\u043e\u0434\u0441\u043e\u043b\u043d\u0435\u0447\u043d\u0438\u043a\u0430<\/p>\n","protected":false},"featured_media":2381,"comment_status":"open","ping_status":"closed","template":"","meta":[],"class_list":{"0":"post-2380","1":"product","2":"type-product","3":"status-publish","4":"has-post-thumbnail","6":"product_cat-leib","8":"first","9":"instock","10":"taxable","11":"shipping-taxable","12":"purchasable","13":"product-type-simple"},"aioseo_notices":[],"_links":{"self":[{"href":"https:\/\/omatoit.ee\/ru\/wp-json\/wp\/v2\/product\/2380","targetHints":{"allow":["GET"]}}],"collection":[{"href":"https:\/\/omatoit.ee\/ru\/wp-json\/wp\/v2\/product"}],"about":[{"href":"https:\/\/omatoit.ee\/ru\/wp-json\/wp\/v2\/types\/product"}],"replies":[{"embeddable":true,"href":"https:\/\/omatoit.ee\/ru\/wp-json\/wp\/v2\/comments?post=2380"}],"wp:featuredmedia":[{"embeddable":true,"href":"https:\/\/omatoit.ee\/ru\/wp-json\/wp\/v2\/media\/2381"}],"wp:attachment":[{"href":"https:\/\/omatoit.ee\/ru\/wp-json\/wp\/v2\/media?parent=2380"}],"curies":[{"name":"wp","href":"https:\/\/api.w.org\/{rel}","templated":true}]}}