{"id":2439,"date":"2019-11-08T08:39:53","date_gmt":"2019-11-08T08:39:53","guid":{"rendered":"https:\/\/wp.omatoit.ee\/?post_type=product&#038;p=2439"},"modified":"2025-07-22T10:36:22","modified_gmt":"2025-07-22T08:36:22","slug":"kiievski-tort","status":"publish","type":"product","link":"https:\/\/omatoit.ee\/ru\/menuu\/kiievski-tort\/","title":{"rendered":"\u041a\u0438\u0435\u0432\u0441\u043a\u0438\u0439 \u0442\u043e\u0440\u0442"},"content":{"rendered":"<p><b>Koostisosad<\/b>: suhkur, <b>muna<\/b>, <b>v\u00f5i<\/b>; <b>piim<\/b>, <b>metsap\u00e4hkel<\/b>, <b>nisu<\/b>jahu, tume kakao desserdiglasuur (suhkur, h\u00fcdrogeenitud kookos\u00f5li &#8212; CBS, naturaalne kakao 10-12%, <b>sojaletsitiin <\/b>E322, tumeda \u0161okolaadi aroom, vanilliin. V\u00f5ib sisaldada <b>piima<\/b> ja <b>maap\u00e4hkli<\/b> osakesi); kakaopulber, rumm, kakaopulber, vanillisuhkur, cristaline (gl\u00fckoosisiirup, vesi, suhkur, \u017eeleerivad ained agar ja pektiinid, happesuse regulaatorid sidrunhape ja difosfaadid, niiskuses\u00e4ilitaja gl\u00fctserool, s\u00e4ilitusaine kaaliumsorbaat)<\/p>\n<p><b>100 g toodet sisaldab<\/b> energiat 1968,95 kJ\/ 471,04 kcal, rasvu 27,4 g, millest k\u00fcllastunud rasvhappeid 2,2g , s\u00fcsivesikuid 49,7g, millest suhkruid 21,6 g , valke 6,2 g, soola 0g<\/p>\n<p>S\u00e4ilitustemperatuur <span class=\"Apple-converted-space\">\u00a0 <\/span>+2\u2026+6\u00b0C<\/p>\n","protected":false},"excerpt":{"rendered":"<p>\u0424\u0443\u043d\u0434\u0443\u043a, \u0448\u043e\u043a\u043e\u043b\u0430\u0434\u043d\u0430\u044f \u0433\u043b\u0430\u0437\u0443\u0440\u044c, \u0440\u043e\u043c<\/p>\n<p>&nbsp;<\/p>\n","protected":false},"featured_media":13788,"comment_status":"open","ping_status":"closed","template":"","meta":[],"class_list":{"0":"post-2439","1":"product","2":"type-product","3":"status-publish","4":"has-post-thumbnail","6":"product_cat-tordid-tordid","8":"first","9":"instock","10":"taxable","11":"shipping-taxable","12":"purchasable","13":"product-type-simple"},"aioseo_notices":[],"_links":{"self":[{"href":"https:\/\/omatoit.ee\/ru\/wp-json\/wp\/v2\/product\/2439","targetHints":{"allow":["GET"]}}],"collection":[{"href":"https:\/\/omatoit.ee\/ru\/wp-json\/wp\/v2\/product"}],"about":[{"href":"https:\/\/omatoit.ee\/ru\/wp-json\/wp\/v2\/types\/product"}],"replies":[{"embeddable":true,"href":"https:\/\/omatoit.ee\/ru\/wp-json\/wp\/v2\/comments?post=2439"}],"wp:featuredmedia":[{"embeddable":true,"href":"https:\/\/omatoit.ee\/ru\/wp-json\/wp\/v2\/media\/13788"}],"wp:attachment":[{"href":"https:\/\/omatoit.ee\/ru\/wp-json\/wp\/v2\/media?parent=2439"}],"curies":[{"name":"wp","href":"https:\/\/api.w.org\/{rel}","templated":true}]}}