{"id":2445,"date":"2019-11-08T08:42:48","date_gmt":"2019-11-08T08:42:48","guid":{"rendered":"https:\/\/wp.omatoit.ee\/?post_type=product&#038;p=2445"},"modified":"2025-06-28T17:53:54","modified_gmt":"2025-06-28T15:53:54","slug":"tort-praga","status":"publish","type":"product","link":"https:\/\/omatoit.ee\/ru\/menuu\/tort-praga\/","title":{"rendered":"\u0422\u043e\u0440\u0442 &#171;\u041f\u0440\u0430\u0433\u0430&#187;"},"content":{"rendered":"<p><b>Koostisosad: muna<\/b>, <b>v\u00f5i<\/b>, suhkur,\u00a0kondenseetritud dessert (suhkur, joogivesi,\u00a0<b>l\u00f5ssipulber<\/b>, palmi\u00f5li, stabilisaator, (karagenaan), s\u00e4ilitusaine (kaaliumsorbaat), l\u00f5hna-ja maitseaine); joogivesi,\u00a0<b>nisu<\/b>jahu<b>, <\/b>aprikoosimaitseline puuviljat\u00e4idis (p\u00fcreestatud \u00f5un (v\u00e4hemalt 125g puuvilju 100g toote kohta), suhkur, happesuse regulaator (E330), s\u00e4ilitusained: (E202), v\u00e4rvained: (E160c, E100), aroom);\u00a0Callebaut ekstra tume<b>\u00a0<\/b>(kakaomass, suhkur, v\u00e4hendatud rasvasisaldusega kakao, emulgaator E322, maitse- ja l\u00f5hnaaine looduslik vanill. V\u00f5ib sisaldada v\u00e4hesel m\u00e4\u00e4ral <b>piim<\/b>avalku); vanillisuhkur, kakaopulber<\/p>\n<p><b>100 g toodet sisaldab\u00a0<\/b>energiat 1788,6 kJ\/ 427,9 kcal, rasvu 27,2 g, millest k\u00fcllastunud rasvhappeid 3,03 g,\u00a0s\u00fcsivesikuid 40,6 g, millest suhkruid 25,0 g, valke 5,06 g, soola 0 g<\/p>\n<p>S\u00e4ilitustemperatuur <span class=\"Apple-converted-space\">\u00a0 <\/span>+2 \u2026+6\u00b0C<\/p>\n","protected":false},"excerpt":{"rendered":"<p>\u041f\u0435\u0440\u0441\u0438\u043a\u043e\u0432\u043e\u0435 \u0432\u0430\u0440\u0435\u043d\u044c\u0435, \u0448\u043e\u043a\u043e\u043b\u0430\u0434<\/p>\n<p>&nbsp;<\/p>\n","protected":false},"featured_media":13751,"comment_status":"open","ping_status":"closed","template":"","meta":[],"class_list":{"0":"post-2445","1":"product","2":"type-product","3":"status-publish","4":"has-post-thumbnail","6":"product_cat-tordid-tordid","8":"first","9":"instock","10":"taxable","11":"shipping-taxable","12":"purchasable","13":"product-type-simple"},"aioseo_notices":[],"_links":{"self":[{"href":"https:\/\/omatoit.ee\/ru\/wp-json\/wp\/v2\/product\/2445","targetHints":{"allow":["GET"]}}],"collection":[{"href":"https:\/\/omatoit.ee\/ru\/wp-json\/wp\/v2\/product"}],"about":[{"href":"https:\/\/omatoit.ee\/ru\/wp-json\/wp\/v2\/types\/product"}],"replies":[{"embeddable":true,"href":"https:\/\/omatoit.ee\/ru\/wp-json\/wp\/v2\/comments?post=2445"}],"wp:featuredmedia":[{"embeddable":true,"href":"https:\/\/omatoit.ee\/ru\/wp-json\/wp\/v2\/media\/13751"}],"wp:attachment":[{"href":"https:\/\/omatoit.ee\/ru\/wp-json\/wp\/v2\/media?parent=2445"}],"curies":[{"name":"wp","href":"https:\/\/api.w.org\/{rel}","templated":true}]}}