{"id":2449,"date":"2019-11-08T08:44:33","date_gmt":"2019-11-08T08:44:33","guid":{"rendered":"https:\/\/wp.omatoit.ee\/?post_type=product&#038;p=2449"},"modified":"2025-12-12T13:05:09","modified_gmt":"2025-12-12T11:05:09","slug":"korvike-sefiirikreemiga","status":"publish","type":"product","link":"https:\/\/omatoit.ee\/ru\/menuu\/korvike-sefiirikreemiga\/","title":{"rendered":"\u0417\u0435\u0444\u0438\u0440\u043d\u0430\u044f \u043a\u043e\u0440\u0437\u0438\u043d\u043e\u0447\u043a\u0430"},"content":{"rendered":"<p><strong>Koostisosad<\/strong>: suhkur, pohlamoos, nisujahu, musts\u00f5stra \u017eelees (musts\u00f5stra, suhkur, vesi, paksendaja pektiin ja naatriumalginaat, happesuse regulaator sidrunhape, tardaine kaltsiumtsitraat, s\u00e4ilitusaine kaaliumsorbaat), muna, margariin (taimsed \u00f5lid ja rasvad (palmi\u00f5li, rapsi\u00f5li, osaliselt h\u00fcdrogeenitud palmi\u00f5li), vesi, emulgaatorid (E471), happesuse regulaator(E330), l\u00f5hna-ja<span class=\"Apple-converted-space\">\u00a0 <\/span>maitseaine,<span class=\"Apple-converted-space\">\u00a0 <\/span>v\u00e4rvaine (E160a)), k\u00fcpsetuspulber (kergitusained E450, E500, maisit\u00e4rklis, sidrunihape), tume kakao desserdiglasuur (suhkur, h\u00fcdrogeenitud kookos\u00f5li &#8212; CBS, naturaalne kakao 10-12%, <b>soja<\/b>letsitiin E322, tumeda \u0161okolaadi aroom, vanilliin. V\u00f5ib sisaldada <b>piima<\/b> ja <b>maap\u00e4hkli<\/b> osakesi), sool<\/p>\n<p><strong>100g toodet sisaldab:<\/strong> energiat 847 kJ\/ 202,7 kcal, rasvu 5,2 g, sh k\u00fcllastunud rasvhappeid 1,2 g, s\u00fcsivesikuid 36,6 g, sh suhkruid 16,6 g, valke 1,7 g, soola 0,05 g<\/p>\n","protected":false},"excerpt":{"rendered":"<p>\u0417\u0435\u0444\u0438\u0440\u043d\u044b\u0439 \u043a\u0440\u0435\u043c<\/p>\n","protected":false},"featured_media":13840,"comment_status":"open","ping_status":"closed","template":"","meta":[],"class_list":{"0":"post-2449","1":"product","2":"type-product","3":"status-publish","4":"has-post-thumbnail","6":"product_cat-koogid","8":"first","9":"instock","10":"taxable","11":"shipping-taxable","12":"purchasable","13":"product-type-simple"},"aioseo_notices":[],"_links":{"self":[{"href":"https:\/\/omatoit.ee\/ru\/wp-json\/wp\/v2\/product\/2449","targetHints":{"allow":["GET"]}}],"collection":[{"href":"https:\/\/omatoit.ee\/ru\/wp-json\/wp\/v2\/product"}],"about":[{"href":"https:\/\/omatoit.ee\/ru\/wp-json\/wp\/v2\/types\/product"}],"replies":[{"embeddable":true,"href":"https:\/\/omatoit.ee\/ru\/wp-json\/wp\/v2\/comments?post=2449"}],"wp:featuredmedia":[{"embeddable":true,"href":"https:\/\/omatoit.ee\/ru\/wp-json\/wp\/v2\/media\/13840"}],"wp:attachment":[{"href":"https:\/\/omatoit.ee\/ru\/wp-json\/wp\/v2\/media?parent=2449"}],"curies":[{"name":"wp","href":"https:\/\/api.w.org\/{rel}","templated":true}]}}