{"id":2453,"date":"2019-11-08T08:47:25","date_gmt":"2019-11-08T08:47:25","guid":{"rendered":"https:\/\/wp.omatoit.ee\/?post_type=product&#038;p=2453"},"modified":"2025-06-28T17:52:40","modified_gmt":"2025-06-28T15:52:40","slug":"firmatort-oma","status":"publish","type":"product","link":"https:\/\/omatoit.ee\/ru\/menuu\/firmatort-oma\/","title":{"rendered":"\u0424\u0438\u0440\u043c\u0435\u043d\u043d\u044b\u0439 \u0442\u043e\u0440\u0442 \u041e\u043c\u0430"},"content":{"rendered":"<p><b>Koostisosad<\/b>: suhkur, <b>muna<\/b>, <b>metsap\u00e4hklid<\/b>, <b>v\u00f5i,<\/b> lik\u00f6\u00f6r; <b>piim, nisu<\/b>jahu, tume kakao desserdiglasuur (suhkur, h\u00fcdrogeenitud kookos\u00f5li &#8212; CBS, naturaalne kakao 10-12%, <b>soja<\/b>l<b>etsitiin<\/b> E322, tumeda \u0161okolaadi aroom, vanilliin. V\u00f5ib sisaldada <b>piima<\/b> ja <b>maap\u00e4hkli<\/b> osakesi); kakaopulber; cristaline (gl\u00fckoosisiirup, vesi, suhkur, \u017eeleerivad ained agar ja pektiinid, happesuse regulaatorid sidrunhape ja difosfaadid, niiskuses\u00e4ilitaja gl\u00fctserool, s\u00e4ilitusaine kaaliumsorbaat), suhkrupaber (modifitseeritud t\u00e4rklised, suhkur, maltodekstriin, gl\u00fckoos, vesi, taimne, kookos\u00f5li, gl\u00fctseriin, tarretusaine: tsellulooskummi, ksantaankummi, araabiakummi, happesuse regulaator, emulgaator: pol\u00fclobaat 60, s\u00e4ilitusaine E202, vanillil\u00f5hna- ja maitseaine. Sisaldab <b>laktoosi<\/b>), vanillsuhkur, toiduv\u00e4rvid (vesi, niiskuses\u00e4ilitaja, v\u00e4rv E102,E110, E151, E122, E133, E136, happesuse regulaator, s\u00e4ilitusaine E202).<\/p>\n<p><b>100 g toodet sisaldab<\/b> energiat 2110,52 kJ\/ 504,91 kcal, rasvu 29,1g, millest k\u00fcllastunud rasvhappeid 1,7g, s\u00fcsivesikuid 53,7 g, millest suhkruid 4,6 g, valke 6,9 g, soola 0g<\/p>\n<p>S\u00e4ilitustemperatuur <span class=\"Apple-converted-space\">\u00a0 <\/span>+2\u2026+6\u00b0C<\/p>\n","protected":false},"excerpt":{"rendered":"<p>\u0424\u0443\u043d\u0434\u0443\u043a, \u0448\u043e\u043a\u043e\u043b\u0430\u0434\u043d\u0430\u044f \u0433\u043b\u0430\u0437\u0443\u0440\u044c<\/p>\n<p>&nbsp;<\/p>\n","protected":false},"featured_media":2454,"comment_status":"open","ping_status":"closed","template":"","meta":[],"class_list":{"0":"post-2453","1":"product","2":"type-product","3":"status-publish","4":"has-post-thumbnail","6":"product_cat-tordid-tordid","8":"first","9":"instock","10":"taxable","11":"shipping-taxable","12":"purchasable","13":"product-type-simple"},"aioseo_notices":[],"_links":{"self":[{"href":"https:\/\/omatoit.ee\/ru\/wp-json\/wp\/v2\/product\/2453","targetHints":{"allow":["GET"]}}],"collection":[{"href":"https:\/\/omatoit.ee\/ru\/wp-json\/wp\/v2\/product"}],"about":[{"href":"https:\/\/omatoit.ee\/ru\/wp-json\/wp\/v2\/types\/product"}],"replies":[{"embeddable":true,"href":"https:\/\/omatoit.ee\/ru\/wp-json\/wp\/v2\/comments?post=2453"}],"wp:featuredmedia":[{"embeddable":true,"href":"https:\/\/omatoit.ee\/ru\/wp-json\/wp\/v2\/media\/2454"}],"wp:attachment":[{"href":"https:\/\/omatoit.ee\/ru\/wp-json\/wp\/v2\/media?parent=2453"}],"curies":[{"name":"wp","href":"https:\/\/api.w.org\/{rel}","templated":true}]}}