{"id":2455,"date":"2019-11-08T08:48:12","date_gmt":"2019-11-08T08:48:12","guid":{"rendered":"https:\/\/wp.omatoit.ee\/?post_type=product&#038;p=2455"},"modified":"2025-06-28T17:51:42","modified_gmt":"2025-06-28T15:51:42","slug":"kokoospiima-kirsitort","status":"publish","type":"product","link":"https:\/\/omatoit.ee\/ru\/menuu\/kokoospiima-kirsitort\/","title":{"rendered":"\u0422\u043e\u0440\u0442 \u0438\u0437 \u043a\u043e\u043a\u043e\u0441\u043e\u0432\u043e\u0433\u043e \u043c\u043e\u043b\u043e\u043a\u0430 \u0441 \u0432\u0438\u0448\u043d\u0435\u0439"},"content":{"rendered":"<p><b>Koostisosad: <\/b>biskviidi p\u00f5hi (<b>muna<\/b>mass<b>,\u00a0nisu<\/b>jahu, suhkur, Quick Ovalett super (suhkru asendaja paksendaja, emulgaator E471, vesi, piiritus, sidruni aroom); kookospiim, suhkruga taimne vahukreem (vesi, osaliselt h\u00fcdrogeenitud taimne\u00f5li, suhkur, stabilisaatorid E420ii, E466, emulgaatorid E472b, E322, E471,\u00a0<b>piima<\/b>valgud, sool, maitse- ja l\u00f5hnaained, happesuse regulaatorid E340ii, E331iii, toiduv\u00e4rv E160a), kirsit\u00e4idis (suhkur; kirsid; vesi; paksendajad t\u00e4rklis ja pektiin; happesuse regulaator sidrunhape ja naatriumtsitraat; tardaine kaltsiumtsitraat; kaaliumsorbaat; l\u00f5hna-ja maitseaine), suhkur, joogivesi, nonparell<\/p>\n<p><b>100 g toodet sisaldab<\/b> energiat 1142 kJ \/273,2 kcal, rasvu 13,5 g, millest k\u00fcllastunud rasvhappeid 3,5g, s\u00fcsivesikuid 33,9 g, millest suhkruid 27,2g, valke 4 g, soola 0,24g<\/p>\n<p>S\u00e4ilitustemperatuur <span class=\"Apple-converted-space\">\u00a0 <\/span>+2 \u2026+6\u00b0C<\/p>\n","protected":false},"excerpt":{"rendered":"<p>\u041a\u043e\u043a\u043e\u0441\u043e\u0432\u043e\u0435 \u043c\u043e\u043b\u043e\u043a\u043e, \u0432\u0438\u0448\u043d\u0451\u0432\u043e\u0435 \u0432\u0430\u0440\u0435\u043d\u044c\u0435<\/p>\n<p>&nbsp;<\/p>\n","protected":false},"featured_media":2456,"comment_status":"open","ping_status":"closed","template":"","meta":[],"class_list":{"0":"post-2455","1":"product","2":"type-product","3":"status-publish","4":"has-post-thumbnail","6":"product_cat-tordid-tordid","8":"first","9":"instock","10":"taxable","11":"shipping-taxable","12":"purchasable","13":"product-type-simple"},"aioseo_notices":[],"_links":{"self":[{"href":"https:\/\/omatoit.ee\/ru\/wp-json\/wp\/v2\/product\/2455","targetHints":{"allow":["GET"]}}],"collection":[{"href":"https:\/\/omatoit.ee\/ru\/wp-json\/wp\/v2\/product"}],"about":[{"href":"https:\/\/omatoit.ee\/ru\/wp-json\/wp\/v2\/types\/product"}],"replies":[{"embeddable":true,"href":"https:\/\/omatoit.ee\/ru\/wp-json\/wp\/v2\/comments?post=2455"}],"wp:featuredmedia":[{"embeddable":true,"href":"https:\/\/omatoit.ee\/ru\/wp-json\/wp\/v2\/media\/2456"}],"wp:attachment":[{"href":"https:\/\/omatoit.ee\/ru\/wp-json\/wp\/v2\/media?parent=2455"}],"curies":[{"name":"wp","href":"https:\/\/api.w.org\/{rel}","templated":true}]}}