{"id":2463,"date":"2019-11-08T08:52:41","date_gmt":"2019-11-08T08:52:41","guid":{"rendered":"https:\/\/wp.omatoit.ee\/?post_type=product&#038;p=2463"},"modified":"2025-07-29T17:53:52","modified_gmt":"2025-07-29T15:53:52","slug":"punane-sametikook","status":"publish","type":"product","link":"https:\/\/omatoit.ee\/ru\/menuu\/punane-sametikook\/","title":{"rendered":"\u0422\u043e\u0440\u0442 &#171;\u041a\u0440\u0430\u0441\u043d\u044b\u0439 \u0431\u0430\u0440\u0445\u0430\u0442&#187;"},"content":{"rendered":"<p><strong>Koostisosad: <\/strong>Vesi, suhkur, <strong>margariin Baker Whip\u00a0<\/strong>(taimne rasv ja \u00f5li (80%), vesi, emulgaatorid (mono- ja digl\u00fctseriidid, <strong>sojaletsitiin<\/strong>; E475); konservant kaaliumsorbaat E202; l\u00f5hnaained, mis vastavad naturaalsetele, happesuse regulaator sidrunihape, v\u00e4rv betakarotiin), <strong>munamass<\/strong>,\u00a0<strong>nisujahu<\/strong>, <strong>keefir R2.5%,\u00a0<\/strong><strong>suhkruga taimne vahukreem <\/strong>(vesi, osaliselt h\u00fcdrogeenitud palmituuma\u00f5li, suhkur, stabilisaator E420ii, E460i, E466; emulgaatorid E472b, <strong>sojaletsitiin<\/strong>, E471; <strong>piimavalgud<\/strong>, sool, maitse-ja l\u00f5hnaained, happesuse regulaatorid E340ii, E331iii; toiduv\u00e4rv E160a.\u00a0<strong>Sisaldab allergeene: piim, soja),\u00a0<\/strong><strong>schokobella <\/strong>(suhkur; rapsi\u00f5li; palmirasv; lahja kakao (17%); kuivgl\u00fckoosisiirup; emulgaatorid E472a, E322; <strong>piimavalk<\/strong>; maitse-ja l\u00f5hnaaine. <strong>V\u00f5ib sisalada v\u00e4hesel m\u00e4\u00e4ral p\u00e4hkleid<\/strong>); maisit\u00e4rklis, margariin 80% (taimsed \u00f5lid ja rasvad (palmi\u00f5li, rapsi\u00f5li, osaliselt h\u00fcdrogeenitud palmi\u00f5li), vesi, emulgaatorid (E471),konservant (E200), happesuse regulaator (E330), l\u00f5hna- ja maitseaine, v\u00e4rvaine (E160b)), sidrun, \u0161okolaadne glasuur (suhkur; h\u00fcdrogeenitud taimerasv; v\u00e4hendatud rasvasisaldusega kakao; emulgaatorid E322, E492), toiduv\u00e4rv sidrunikollane (vesi, kandja E1520, toiduv\u00e4rvid E102, sool, s\u00e4ilitusaine E202), <strong>maap\u00e4hkel<\/strong>, caribba negro rumm vol 37,5%, kakaopulber, <strong>toiduv\u00e4rv kirsipunane <\/strong>(vesi; kandja E1520; toiduv\u00e4rvid E122 ja E102; s\u00e4ilitusaine E202, sool. V\u00e4rvaine sisaldus: E122:1,82%, E102: 0,42%), k\u00fcpsetuspulber (kergitusained E450, E500, maisit\u00e4rklis, sidrunhape), vanillisuhkur.<\/p>\n<p><strong>100 g toodet sisaldab: <\/strong>energiat 1020 kJ\/ 243 kcal, rasvu 9,9 g, \u00a0sh k\u00fcllastunud rasvhappeid 0,59 g, s\u00fcsivesikuid 34,1 g, sh suhkruid 2,9 g, valke 3,5 g, soola max 0,5 g<strong>\u00a0\u00a0<\/strong><\/p>\n","protected":false},"excerpt":{"rendered":"<p>\u041a\u0435\u043a\u0441\u043e\u0432\u044b\u0439 \u0431\u0438\u0441\u043a\u0432\u0438\u0442 \u0441 \u043a\u0440\u0435\u043c\u043e\u043c \u0438\u0437 \u0442\u0432\u043e\u0440\u043e\u0436\u043d\u043e\u0433\u043e \u0441\u044b\u0440\u0430<\/p>\n","protected":false},"featured_media":14296,"comment_status":"open","ping_status":"closed","template":"","meta":[],"class_list":{"0":"post-2463","1":"product","2":"type-product","3":"status-publish","4":"has-post-thumbnail","6":"product_cat-tordid-tordid","8":"first","9":"outofstock","10":"taxable","11":"shipping-taxable","12":"purchasable","13":"product-type-simple"},"aioseo_notices":[],"_links":{"self":[{"href":"https:\/\/omatoit.ee\/ru\/wp-json\/wp\/v2\/product\/2463","targetHints":{"allow":["GET"]}}],"collection":[{"href":"https:\/\/omatoit.ee\/ru\/wp-json\/wp\/v2\/product"}],"about":[{"href":"https:\/\/omatoit.ee\/ru\/wp-json\/wp\/v2\/types\/product"}],"replies":[{"embeddable":true,"href":"https:\/\/omatoit.ee\/ru\/wp-json\/wp\/v2\/comments?post=2463"}],"wp:featuredmedia":[{"embeddable":true,"href":"https:\/\/omatoit.ee\/ru\/wp-json\/wp\/v2\/media\/14296"}],"wp:attachment":[{"href":"https:\/\/omatoit.ee\/ru\/wp-json\/wp\/v2\/media?parent=2463"}],"curies":[{"name":"wp","href":"https:\/\/api.w.org\/{rel}","templated":true}]}}