{"id":2465,"date":"2019-11-08T08:53:52","date_gmt":"2019-11-08T08:53:52","guid":{"rendered":"https:\/\/wp.omatoit.ee\/?post_type=product&#038;p=2465"},"modified":"2025-06-28T17:49:41","modified_gmt":"2025-06-28T15:49:41","slug":"porganditort-oma","status":"publish","type":"product","link":"https:\/\/omatoit.ee\/ru\/menuu\/porganditort-oma\/","title":{"rendered":"\u041c\u043e\u0440\u043a\u043e\u0432\u043d\u044b\u0439 \u0442\u043e\u0440\u0442 OMA"},"content":{"rendered":"<p><b>Koostisosad<\/b>: <b>nisu<\/b>jahu; suhkur; <b>muna<\/b>mass; mascarpone juust<b> <\/b>(<b>koor<\/b>; happesuse regulaator: sidrunhape); suhkruga taimne vahukreem<b> <\/b>(vesi; osaliselt h\u00fcdrogeenitud palmituuma\u00f5li; suhkur; stabilisaatorid E420ii, E460i, E466; emulgaatorid E472b; <b>sojaletsitiin<\/b>; E471; <b>piima<\/b>valgud; sool; maitse- ja l\u00f5hnaained; happesuse regulaatorid E340 ii, E331iii; toiduv\u00e4rv E160a.\u00a0<b>Sisaldab allergeene: piim, soja<\/b>; tume kakao desserdiglasuur (suhkur, h\u00fcdrogeenitud kookos\u00f5li &#8212; CBS, naturaalne kakao 10-12%, <b>sojaletsitiin<\/b> E322, tumeda \u0161okolaadi aroom, vanilliin. V\u00f5ib sisaldada <b>piima<\/b> ja <b>maap\u00e4hkli<\/b> osakesi);\u00a0hapu<b>koor<\/b>; margariin (vesi; taime\u00f5li (palmi-, rapsi\u00f5li); loomne rasv (searasv) erinevates vahekordades; emulgaator (E471); sool 0,2%; happesuse regulaator sidrunhape (E330); s\u00e4ilitusaine kaaliumsorbaat (E202); l\u00f5hna- ja maitseained; toiduv\u00e4rv annatto (E160b)); porgand (7%),\u00a0<b>kreeka p\u00e4hkel<\/b>; rosinad; martsipan (suhkur; <b>mandlid <\/b>(26%),<b> <\/b>vesi; invertsuhkursiirup, gl\u00fckoosisiirup, niiskuses\u00e4ilitaja E420, etanool. V\u00f5ib sisaldada v\u00e4hesel m\u00e4\u00e4ral<b> sarapuup\u00e4hkleid <\/b>ja<b> teisi p\u00e4hkleid<\/b>); k\u00fcpsetuspulber (kergitusained E450, E500; maisit\u00e4rklis; sidrunihape); vanillisuhkur; toiduv\u00e4rv kirsipunane (vesi; kandja E1520; toiduv\u00e4rvid E122 ja E102; s\u00e4ilitusaine E202, sool. V\u00e4rvaine sisaldus: E122:1,82%, E102: 0,42%).<\/p>\n<p><b>100 g toodet sisaldab<\/b> energiat 1604,3 kJ\/ 383,8 kcal, rasvu 24,3 g, millest k\u00fcllastunud rasvhappeid 3,1 g, s\u00fcsivesikuid 35,6 g, millest suhkruid 14,0 g, valke 5,1 g, soola 0,4 g<\/p>\n<p>S\u00e4ilitustemperatuur <span class=\"Apple-converted-space\">\u00a0 <\/span>+2 \u2026+6\u00b0C<\/p>\n","protected":false},"excerpt":{"rendered":"<p>\u0413\u0440\u0435\u0446\u043a\u0438\u0439 \u043e\u0440\u0435\u0445, \u043c\u0430\u0440\u0446\u0438\u043f\u0430\u043d, \u043c\u0430\u0441\u043a\u0430\u0440\u043f\u043e\u043d\u0435, \u043c\u043e\u0440\u043a\u043e\u0432\u044c<\/p>\n","protected":false},"featured_media":2466,"comment_status":"open","ping_status":"closed","template":"","meta":[],"class_list":{"0":"post-2465","1":"product","2":"type-product","3":"status-publish","4":"has-post-thumbnail","6":"product_cat-tordid-tordid","8":"first","9":"instock","10":"taxable","11":"shipping-taxable","12":"purchasable","13":"product-type-simple"},"aioseo_notices":[],"_links":{"self":[{"href":"https:\/\/omatoit.ee\/ru\/wp-json\/wp\/v2\/product\/2465","targetHints":{"allow":["GET"]}}],"collection":[{"href":"https:\/\/omatoit.ee\/ru\/wp-json\/wp\/v2\/product"}],"about":[{"href":"https:\/\/omatoit.ee\/ru\/wp-json\/wp\/v2\/types\/product"}],"replies":[{"embeddable":true,"href":"https:\/\/omatoit.ee\/ru\/wp-json\/wp\/v2\/comments?post=2465"}],"wp:featuredmedia":[{"embeddable":true,"href":"https:\/\/omatoit.ee\/ru\/wp-json\/wp\/v2\/media\/2466"}],"wp:attachment":[{"href":"https:\/\/omatoit.ee\/ru\/wp-json\/wp\/v2\/media?parent=2465"}],"curies":[{"name":"wp","href":"https:\/\/api.w.org\/{rel}","templated":true}]}}