{"id":2467,"date":"2019-11-08T08:55:14","date_gmt":"2019-11-08T08:55:14","guid":{"rendered":"https:\/\/wp.omatoit.ee\/?post_type=product&#038;p=2467"},"modified":"2025-06-28T17:48:37","modified_gmt":"2025-06-28T15:48:37","slug":"mandlitort-oma","status":"publish","type":"product","link":"https:\/\/omatoit.ee\/ru\/menuu\/mandlitort-oma\/","title":{"rendered":"\u041c\u0438\u043d\u0434\u0430\u043b\u044c\u043d\u044b\u0439 \u0442\u043e\u0440\u0442 \u041e\u041c\u0410"},"content":{"rendered":"<p><b>Koostisosad: mandli<\/b>jahu<b> <\/b>22%;<b> muna<\/b>;<b> <\/b>kookospiim (ekstraheeritud kookospiim 68% (vesi, kookosp\u00e4hkel), vesi, emulgaator E466, pol\u00fcsorbaat 60, sidrunhape, valgendaja: kaaliummetabiosulfit, margariin (taime\u00f5lid (palmi-, kookos-, rapsi), vesi, emulgaatorid (mono- ja digl\u00fctseriidid rasvastest happed, pol\u00fcgl\u00fctseroolestrid, letsitiinid), happesuse regulaator (sidrunhape), l\u00f5hna- ja maitseained, v\u00e4rv (karoteenid)); tuhksuhkur, suhkur, <b>mandli<\/b>laastud, maisit\u00e4rklis<\/p>\n<p><b>100 g toodet sisaldab<\/b> energiat 1840 kJ\/ 440,2 kcal, rasvu 33,8 g, millest k\u00fcllastunud rasvhappeid 11,8 g, s\u00fcsivesikuid 27,3 g, millest suhkruid 22 g, valke 6,7 g, soola max 0,02 g<\/p>\n<p>S\u00e4ilitustemperatuur <span class=\"Apple-converted-space\">\u00a0 <\/span>+2 \u2026+6\u00b0C<\/p>\n","protected":false},"excerpt":{"rendered":"<p>\u041c\u0438\u043d\u0434\u0430\u043b\u044c, \u043a\u043e\u043a\u043e\u0441\u043e\u0432\u043e\u0435 \u043c\u043e\u043b\u043e\u043a\u043e<\/p>\n<p>&nbsp;<\/p>\n","protected":false},"featured_media":2468,"comment_status":"open","ping_status":"closed","template":"","meta":[],"class_list":{"0":"post-2467","1":"product","2":"type-product","3":"status-publish","4":"has-post-thumbnail","6":"product_cat-tordid-tordid","8":"first","9":"instock","10":"taxable","11":"shipping-taxable","12":"purchasable","13":"product-type-simple"},"aioseo_notices":[],"_links":{"self":[{"href":"https:\/\/omatoit.ee\/ru\/wp-json\/wp\/v2\/product\/2467","targetHints":{"allow":["GET"]}}],"collection":[{"href":"https:\/\/omatoit.ee\/ru\/wp-json\/wp\/v2\/product"}],"about":[{"href":"https:\/\/omatoit.ee\/ru\/wp-json\/wp\/v2\/types\/product"}],"replies":[{"embeddable":true,"href":"https:\/\/omatoit.ee\/ru\/wp-json\/wp\/v2\/comments?post=2467"}],"wp:featuredmedia":[{"embeddable":true,"href":"https:\/\/omatoit.ee\/ru\/wp-json\/wp\/v2\/media\/2468"}],"wp:attachment":[{"href":"https:\/\/omatoit.ee\/ru\/wp-json\/wp\/v2\/media?parent=2467"}],"curies":[{"name":"wp","href":"https:\/\/api.w.org\/{rel}","templated":true}]}}