{"id":2469,"date":"2019-11-08T08:56:22","date_gmt":"2019-11-08T08:56:22","guid":{"rendered":"https:\/\/wp.omatoit.ee\/?post_type=product&#038;p=2469"},"modified":"2025-06-28T17:47:02","modified_gmt":"2025-06-28T15:47:02","slug":"tort-tiramisu-oma","status":"publish","type":"product","link":"https:\/\/omatoit.ee\/ru\/menuu\/tort-tiramisu-oma\/","title":{"rendered":"\u0422\u043e\u0440\u0442 \u0422\u0438\u0440\u0430\u043c\u0438\u0441\u0443 OMA"},"content":{"rendered":"<p><b>Koostisosad: <\/b>suhkruga taimne vahukreem<b>\u00a0<\/b>(vesi, osaliselt h\u00fcdrogeenitud palmituuma\u00f5li, suhkur, stabilisaator E420ii, E460i, E466; emulgaatorid E472b,\u00a0<b>sojaletsitiin<\/b>, E471;\u00a0<b>piima<\/b>valgud, sool, maitse- ja l\u00f5hnaained, happesuse regulaatorid E340ii, E331iii; toiduv\u00e4rv E160a.\u00a0<b>Sisaldab allergeene: piim, soja<\/b>); suhkur,\u00a0<b>muna<\/b>mass;\u00a0mascarpone juust<b> <\/b>(<b>koor<\/b>, happesuse regulaator: sidrunhape);\u00a0<b>nisujahu<\/b>;\u00a0 kakao; dessertpasta Moka (suhkur, karamell, vesi, r\u00f6stitud kohv (12%), modifitseeritud t\u00e4rklis, br\u00e4ndi (38% vol) et\u00fc\u00fclalkohol; l\u00f5hna-ja maitseained);\u00a0vahukoorestabilisaator (suhkur, tuhksuhkur, mascarponepulber<b> (koor, l\u00f5ssipulber, <\/b>happesuse regilaator E330),laktoos, \u017eelatiin, modifitsseritud t\u00e4rklis E1414, l\u00f5hna -ja maitseaine, <b>munakollasepulber<\/b>, punane palmi\u00f5li, toiduv\u00e4rv E160a, sool. V\u00f5ib sisaldada v\u00e4hesel m\u00e4\u00e4ral <b>gluteen<\/b>i sisaldavat teravilja, <b>soja, lupiini<\/b>); cristaline (gl\u00fckoosisiirup, vesi, suhkur, \u017eeleerivad ained agar ja pektiinid, happesuse regulaatorid sidrunhape ja difosfaadid, niiskuses\u00e4ilitaja gl\u00fctserool, s\u00e4ilitusaine kaaliumsorbaat); tume kakao desserdiglasuur (suhkur, h\u00fcdrogeenitud kookos\u00f5li &#8212; CBS, naturaalne kakao 10-12%, <b>sojaletsitiin<\/b> E322, tumeda \u0161okolaadi aroom, vanilliin. V\u00f5ib sisaldada <b>piima<\/b> ja <b>maap\u00e4hkli<\/b> osakesi); toiduv\u00e4rv kirsipunane (E122, E102, E330, E202), sinine (vesi, kandja propaan-1,2-diool, toiduv\u00e4rv E131, sool, E202), roheline (vesi, kandja E1520, toiduv\u00e4rvid E102, E131, sool, s\u00e4ilitusaine E202), quick (suhkru asendaja paksendaja, emulgaator E471, vesi, piiritus, sidruni aroom).<\/p>\n<p><b>100g toodet sisaldab<\/b> energiat 1522,8 kJ\/ 364,3kcal, rasvu 20,76 g, millest k\u00fcllastunud rasvhappeid 4,1 g, s\u00fcsivesikuid 38,9 g, millest suhkruid 22 g, valke 5,5 g, soola 0,4 g<\/p>\n<p>S\u00e4ilitustemperatuur <span class=\"Apple-converted-space\">\u00a0 <\/span>+2 \u2026+6\u00b0C<\/p>\n","protected":false},"excerpt":{"rendered":"<p>\u0422\u0440\u0430\u0434\u0438\u0446\u0438\u043e\u043d\u043d\u044b\u0439 \u0442\u043e\u0440\u0442 \u0441\u043e \u0432\u043a\u0443\u0441\u043e\u043c \u043a\u043e\u0444\u0435 \u0438 \u043a\u0440\u0435\u043c\u043e\u043c \u043c\u0430\u0441\u043a\u0430\u0440\u043f\u043e\u043d\u0435<\/p>\n<p>&nbsp;<\/p>\n","protected":false},"featured_media":2470,"comment_status":"open","ping_status":"closed","template":"","meta":[],"class_list":{"0":"post-2469","1":"product","2":"type-product","3":"status-publish","4":"has-post-thumbnail","6":"product_cat-tordid-tordid","8":"first","9":"instock","10":"taxable","11":"shipping-taxable","12":"purchasable","13":"product-type-simple"},"aioseo_notices":[],"_links":{"self":[{"href":"https:\/\/omatoit.ee\/ru\/wp-json\/wp\/v2\/product\/2469","targetHints":{"allow":["GET"]}}],"collection":[{"href":"https:\/\/omatoit.ee\/ru\/wp-json\/wp\/v2\/product"}],"about":[{"href":"https:\/\/omatoit.ee\/ru\/wp-json\/wp\/v2\/types\/product"}],"replies":[{"embeddable":true,"href":"https:\/\/omatoit.ee\/ru\/wp-json\/wp\/v2\/comments?post=2469"}],"wp:featuredmedia":[{"embeddable":true,"href":"https:\/\/omatoit.ee\/ru\/wp-json\/wp\/v2\/media\/2470"}],"wp:attachment":[{"href":"https:\/\/omatoit.ee\/ru\/wp-json\/wp\/v2\/media?parent=2469"}],"curies":[{"name":"wp","href":"https:\/\/api.w.org\/{rel}","templated":true}]}}