{"id":2471,"date":"2019-11-08T08:58:01","date_gmt":"2019-11-08T08:58:01","guid":{"rendered":"https:\/\/wp.omatoit.ee\/?post_type=product&#038;p=2471"},"modified":"2025-06-28T17:45:51","modified_gmt":"2025-06-28T15:45:51","slug":"sokolaaditort-oma","status":"publish","type":"product","link":"https:\/\/omatoit.ee\/ru\/menuu\/sokolaaditort-oma\/","title":{"rendered":"\u0428\u043e\u043a\u043e\u043b\u0430\u0434\u043d\u044b\u0439 \u0442\u043e\u0440\u0442 OMA"},"content":{"rendered":"<p><b>Koostisosad: <\/b>suhkruga taimne vahukreem (vesi, osaliselt h\u00fcdrogeenitud palmituuma\u00f5li, suhkur, stabilisaator E420ii, E460i, E466; emulgaatorid E472b, <b>sojaletsitiin<\/b>, E471; <b>piima<\/b>valgud, sool, maitse-ja l\u00f5hnaained, happesuse regulaatorid E340ii, E331iii; toiduv\u00e4rv E160a.\u00a0<b>Sisaldab allergeene: piim, soja<\/b>); \u0161okolaadikreem<b> <\/b>(15%) (suhkur; rapsi\u00f5li; v\u00e4hendatud rasvasisaldusega kakao (18%); palmirasv, emulgaator E322 (<b>soja<\/b>); l\u00f5hna-ja maitseauine. V\u00f5ib sisaldada<b> <\/b>v\u00e4hesel m\u00e4\u00e4ral<b> piima <\/b>ja<b> p\u00e4hkleid<\/b>); Mascarpone juust<b> (koor; <\/b>happesuse regulaator: sidrunhape); suhkur; <b>nisu<\/b>jahu; <b>muna<\/b>mass; joogivesi, munalik\u00f6\u00f6ri dessertpasta<b> <\/b>(l\u00f5hna- ja maitseained; looduslikud l\u00f5hna- ja maitseained, <b>muna<\/b>lik\u00f6\u00f6r (50%); suhkur; vesi; kandja propaan-1,2-diool; paksendaja ksantaankummi; toiduv\u00e4rv porgandiekstrakt); vesi; hapu<b>koor<\/b>; <b>metsp\u00e4hkel<\/b>; rapsi\u00f5li; kakaopulber; lahustuv kohv; nonparell, k\u00fcpsetuspulber (kergitusained E450, E500, maisit\u00e4rklis, sidrunhape).<\/p>\n<p><b>100 g toodet sisaldab\u00a0<\/b>energiat 1786 kJ\/ 470,2 kcal, rasvu 33,2 g, millest k\u00fcllastunud rasvhappeid 1,78 g, s\u00fcsivesikuid 37,5 g, sh suhkruid 18,3 g, valke 5,4 g, soola 0,1 g<b>\u00a0<\/b><\/p>\n<p>S\u00e4ilitustemperatuur <span class=\"Apple-converted-space\">\u00a0 <\/span>+2 \u2026+6\u00b0C<\/p>\n","protected":false},"excerpt":{"rendered":"<p>\u041a\u0440\u0435\u043c, \u0448\u043e\u043a\u043e\u043b\u0430\u0434<\/p>\n<p>&nbsp;<\/p>\n","protected":false},"featured_media":2472,"comment_status":"open","ping_status":"closed","template":"","meta":[],"class_list":{"0":"post-2471","1":"product","2":"type-product","3":"status-publish","4":"has-post-thumbnail","6":"product_cat-tordid-tordid","8":"first","9":"instock","10":"taxable","11":"shipping-taxable","12":"purchasable","13":"product-type-simple"},"aioseo_notices":[],"_links":{"self":[{"href":"https:\/\/omatoit.ee\/ru\/wp-json\/wp\/v2\/product\/2471","targetHints":{"allow":["GET"]}}],"collection":[{"href":"https:\/\/omatoit.ee\/ru\/wp-json\/wp\/v2\/product"}],"about":[{"href":"https:\/\/omatoit.ee\/ru\/wp-json\/wp\/v2\/types\/product"}],"replies":[{"embeddable":true,"href":"https:\/\/omatoit.ee\/ru\/wp-json\/wp\/v2\/comments?post=2471"}],"wp:featuredmedia":[{"embeddable":true,"href":"https:\/\/omatoit.ee\/ru\/wp-json\/wp\/v2\/media\/2472"}],"wp:attachment":[{"href":"https:\/\/omatoit.ee\/ru\/wp-json\/wp\/v2\/media?parent=2471"}],"curies":[{"name":"wp","href":"https:\/\/api.w.org\/{rel}","templated":true}]}}