{"id":2473,"date":"2019-11-08T08:59:05","date_gmt":"2019-11-08T08:59:05","guid":{"rendered":"https:\/\/wp.omatoit.ee\/?post_type=product&#038;p=2473"},"modified":"2025-06-28T17:44:54","modified_gmt":"2025-06-28T15:44:54","slug":"kirsi-sokolaaditort-oma","status":"publish","type":"product","link":"https:\/\/omatoit.ee\/ru\/menuu\/kirsi-sokolaaditort-oma\/","title":{"rendered":"\u0412\u0438\u0448\u043d\u0435\u0432\u043e-\u0448\u043e\u043a\u043e\u043b\u0430\u0434\u043d\u044b\u0439 \u0442\u043e\u0440\u0442"},"content":{"rendered":"<p><b>Koostisosad<\/b>: hapu<b>koor<\/b>; suhkur; kirsit\u00e4idis (17%) (suhkur; kirsid; vesi; paksendajad t\u00e4rklis ja pektiin; happesuse regulator sidrunhape ja naatriumtsitraat; tardaine kaltsiumtsitraat; kaaliumsorbaat; l\u00f5hna-ja maitseaine); suhkruga taimne vahukreem (vesi; osalisel h\u00fcdrogeenitud palmituuma\u00f5li; suhkur; stabilisaatorid E420ii, E460i, E466; emulgaatorid E472b;\u00a0<b>sojaletsitiin<\/b>; E471;\u00a0<b>piima<\/b>valgud; sool; maitse- ja l\u00f5hnaained; happesuse regulaatorid E340ii, E331iii; toiduv\u00e4rv E160a. <b>Sisaldab allergeene: piim, soja<\/b>; <b>muna<\/b>mass; <b>nisu<\/b>jahu; joogivesi, \u0161okolaadikreem (suhkur; rapsi\u00f5li; v\u00e4hendatud rasvasisaldusega kakao (18%); palmirasv, emulgaator E322 (<b>soja<\/b>); l\u00f5hna-ja maitseaine. V\u00f5ib sisaldada<b> <\/b>v\u00e4hesel m\u00e4\u00e4ral<b> piima <\/b>ja<b> p\u00e4hkleid)<\/b>; rapsi\u00f5li; tume kakao desserdiglasuur (suhkur, h\u00fcdrogeenitud kookos\u00f5li &#8212; CBS, naturaalne kakao 10-12%, <b>sojaletsitiin<\/b> E322, tumeda \u0161okolaadi aroom, vanilliin. V\u00f5ib sisaldada <b>piima<\/b> ja <b>maap\u00e4hkli<\/b> osakesi); kakaopulber; besee (albufix; suhkur; vesi; toiduv\u00e4rv); k\u00fcpsetuspulber (kergitusained E450, E500; maisit\u00e4rklis; sidrunhape); toiduv\u00e4rv (E122, E102, E330, E202).<\/p>\n<p><b>100g toodet sisaldab<\/b> energiat 1360,6 kJ\/ 325,5 kcal, rasvu 20,3 g, millest k\u00fcllastunud rasvhappeid 1,1 g, s\u00fcsivesikuid 31,3g, millest suhkruid 15,4 g, valke 4,5 g, soola 0,1 g<\/p>\n<p>S\u00e4ilitustemperatuur <span class=\"Apple-converted-space\">\u00a0 <\/span>+2 \u2026+6\u00b0C<\/p>\n","protected":false},"excerpt":{"rendered":"<p>\u0428\u043e\u043a\u043e\u043b\u0430\u0434, \u0432\u0438\u0448\u043d\u044f, \u0441\u043c\u0435\u0442\u0430\u043d\u043d\u044b\u0439 \u043a\u0440\u0435\u043c<\/p>\n<p>&nbsp;<\/p>\n","protected":false},"featured_media":13912,"comment_status":"open","ping_status":"closed","template":"","meta":[],"class_list":{"0":"post-2473","1":"product","2":"type-product","3":"status-publish","4":"has-post-thumbnail","6":"product_cat-tordid-tordid","8":"first","9":"instock","10":"taxable","11":"shipping-taxable","12":"purchasable","13":"product-type-simple"},"aioseo_notices":[],"_links":{"self":[{"href":"https:\/\/omatoit.ee\/ru\/wp-json\/wp\/v2\/product\/2473","targetHints":{"allow":["GET"]}}],"collection":[{"href":"https:\/\/omatoit.ee\/ru\/wp-json\/wp\/v2\/product"}],"about":[{"href":"https:\/\/omatoit.ee\/ru\/wp-json\/wp\/v2\/types\/product"}],"replies":[{"embeddable":true,"href":"https:\/\/omatoit.ee\/ru\/wp-json\/wp\/v2\/comments?post=2473"}],"wp:featuredmedia":[{"embeddable":true,"href":"https:\/\/omatoit.ee\/ru\/wp-json\/wp\/v2\/media\/13912"}],"wp:attachment":[{"href":"https:\/\/omatoit.ee\/ru\/wp-json\/wp\/v2\/media?parent=2473"}],"curies":[{"name":"wp","href":"https:\/\/api.w.org\/{rel}","templated":true}]}}