{"id":2481,"date":"2019-11-08T09:04:00","date_gmt":"2019-11-08T09:04:00","guid":{"rendered":"https:\/\/wp.omatoit.ee\/?post_type=product&#038;p=2481"},"modified":"2025-06-28T17:43:11","modified_gmt":"2025-06-28T15:43:11","slug":"maasika-sufleetort-oma","status":"publish","type":"product","link":"https:\/\/omatoit.ee\/ru\/menuu\/maasika-sufleetort-oma\/","title":{"rendered":"\u041a\u043b\u0443\u0431\u043d\u0438\u0447\u043d\u044b\u0439 \u0442\u043e\u0440\u0442-\u0441\u0443\u0444\u043b\u0435"},"content":{"rendered":"<p><strong>Koostisosad<\/strong>: cristalline mirrior (gl\u00fckoosisiirup; vesi; suhkur; \u017eeleerivad ained agar ja pektiinid; happesuse regulaatorid; sidrunhape ja difosfaadid; niiskuses\u00e4ilitaja gl\u00fctserool; s\u00e4ilitusaine kaaliumsorbaat); <strong>hapukoor R20%<\/strong>; <strong>suhkruga taimne vahukreem\u00a0<\/strong>(vesi; osaliselt h\u00fcdrogeenitud palmituuma\u00f5li; suhkur; stabilisaatorid E420ii, E460i, E466; emulgaatorid E472b;\u00a0<strong>sojaletsitiin<\/strong>; E471; <strong>piimavalgud<\/strong>; sool; maitse- ja l\u00f5hnaained; happesuse regulaatorid E340 ii, E331iii; toiduv\u00e4rv E160a. <strong>Sisaldab allergeene: piim, soja<\/strong>); maasikas k\u00fclmutatud (13%); vesi; suhkur; \u0161okolaadiglasuur (suhkur, h\u00fcdrogeenitud taimerasv, v\u00e4hendatud rasvasisaldusega kakao, emulgaatorid E322, E492); munamass; nisujahu; <strong>valge \u0161okolaadglasuur\u00a0<\/strong>(suhkur; h\u00fcdrogeenitud palmituuma\u00f5li; <strong>magus petipulber<\/strong>; emulgaatorid E492, E322 (p\u00e4evalille); looduslik l\u00f5hna- ja maitseaine; rapsi\u00f5li; sool); rapsi\u00f5li; \u017eelatiin; kakao; toiduv\u00e4rv kirsipunane (vesi; kandja E1520; toiduv\u00e4rvid E122 ja E102; s\u00e4ilitusaine E202; sool. V\u00e4rvaine sisaldus: E122:1,82%, E102: 0,42%); <strong>k\u00fcpsetuspulber\u00a0<\/strong>(happesuse regulaator difosfaadid; kergitusaine naatriumkarbonaadid; <strong>nisujahu<\/strong>); cristalline white (gl\u00fckoosisiirup; vesi; pektiin; kaltsiumlaktaat; s\u00e4ilitusaine; aroomaine).<\/p>\n<p><strong>100 g toodet sisaldab<\/strong>: energiat 1068 kJ\/ 254,4 kcal, rasvu 12,0g \u00a0sh k\u00fcllastunud rasvhappeid 0,76 g, s\u00fcsivesikuid 32,8 g, sh suhkruid 3,2 g, valke 2,8 g, soola max 1,0 g<\/p>\n","protected":false},"excerpt":{"rendered":"<p>\u043a\u043b\u0443\u0431\u043d\u0438\u043a\u0430, \u0441\u0443\u0444\u043b\u0435<\/p>\n","protected":false},"featured_media":2482,"comment_status":"open","ping_status":"closed","template":"","meta":[],"class_list":{"0":"post-2481","1":"product","2":"type-product","3":"status-publish","4":"has-post-thumbnail","6":"product_cat-tordid-tordid","8":"first","9":"instock","10":"taxable","11":"shipping-taxable","12":"purchasable","13":"product-type-simple"},"aioseo_notices":[],"_links":{"self":[{"href":"https:\/\/omatoit.ee\/ru\/wp-json\/wp\/v2\/product\/2481","targetHints":{"allow":["GET"]}}],"collection":[{"href":"https:\/\/omatoit.ee\/ru\/wp-json\/wp\/v2\/product"}],"about":[{"href":"https:\/\/omatoit.ee\/ru\/wp-json\/wp\/v2\/types\/product"}],"replies":[{"embeddable":true,"href":"https:\/\/omatoit.ee\/ru\/wp-json\/wp\/v2\/comments?post=2481"}],"wp:featuredmedia":[{"embeddable":true,"href":"https:\/\/omatoit.ee\/ru\/wp-json\/wp\/v2\/media\/2482"}],"wp:attachment":[{"href":"https:\/\/omatoit.ee\/ru\/wp-json\/wp\/v2\/media?parent=2481"}],"curies":[{"name":"wp","href":"https:\/\/api.w.org\/{rel}","templated":true}]}}