{"id":2496,"date":"2019-11-08T09:20:12","date_gmt":"2019-11-08T09:20:12","guid":{"rendered":"https:\/\/wp.omatoit.ee\/?post_type=product&#038;p=2496"},"modified":"2025-06-28T17:41:28","modified_gmt":"2025-06-28T15:41:28","slug":"toorjuustu-hapukoorekook","status":"publish","type":"product","link":"https:\/\/omatoit.ee\/ru\/menuu\/toorjuustu-hapukoorekook\/","title":{"rendered":"\u0427\u0438\u0437\u043a\u0435\u0439\u043a \u0441\u043e \u0441\u043c\u0435\u0442\u0430\u043d\u043e\u0439"},"content":{"rendered":"<p><b>Koostisosad: <\/b>toorjuust<b> (55%<\/b>) (<b>piim,<\/b> sool, piimhappebakterid, ens\u00fc\u00fcm: laap, paksendaja: guarkummi, s\u00e4ilitusaine: kaaliumsorbaat); suhkur;\u00a0<b>muna<\/b>mass;\u00a0suhkruga taimne vahukreem (vesi; osaliselt h\u00fcdrogeenitud palmituuma\u00f5li; suhkur; stabilisaatorid E420ii, E460i, E466; emulgaatorid E472b; <b>sojaletsitiin<\/b>; E471; <b>piimavalgud<\/b>; sool; maitse- ja l\u00f5hnaained; happesuse regulaatorid E340 ii, E331iii; toiduv\u00e4rv E160a. <b>Sisaldab allergeene: piim, soja<\/b>); hapu<b>koor (5%); nisu<\/b>jahu<b>; <\/b>makroonid<b> (mandlij<\/b>ahu, tuhksuhkur, <b>mandli<\/b>t\u00e4idis<b> <\/b>(aprikoosituumad (26%), vesi, invertsuhkrusiirup, <b>muna<\/b>v<b>algepulber<\/b>, etanool, kartulit\u00e4rklis), \u0161okolaadi t\u00e4idis (rapsi\u00f5li, palmrasv, lahja kakao (17%), kuivgl\u00fckoosisiirup, emulgaatorid E 472a, E322, <b>piima<\/b>valk, maitse-ja l\u00f5hnaiane), toiduv\u00e4rv kirsipunane (vesi, kandja E1520, toiduv\u00e4rvid E122 ja\u00a0 E102, s\u00e4ilitusaine E200, sool), sidrunikollane toiduv\u00e4rv (vesi, kandja E1520, toiduv\u00e4rvid E102, sool, s\u00e4ilitusaine E202), toiduv\u00e4rv roheline (vesi; kandja E1520; toiduv\u00e4rvid E102, toiduv\u00e4rv E131; sool; s\u00e4ilitusaine E202), toiduv\u00e4rv sinine (vesi, kandja propaan-1,2-diool, toiduv\u00e4rv E131, sool, s\u00e4ilitusaine E202); margariin (vesi; taime\u00f5li (palmi-, rapsi\u00f5li); loomne rasv (searasv) erinevates vahekordades; emulgaator (E471); sool 0,2%; happesuse regulaator sidrunhape (E330); s\u00e4ilitusaine kaaliumsorbaat (E202); l\u00f5hna- ja maitseained; toiduv\u00e4rv annatto (E160b)); vanillisuhkur; tume kakao desserdiglasuur (suhkur, h\u00fcdrogeenitud kookos\u00f5li &#8212; CBS, naturaalne kakao 10-12%, <b>sojaletsitiin<\/b> E322, tumeda \u0161okolaadi aroom, vanilliin. V\u00f5ib sisaldada <b>piima<\/b> ja <b>maap\u00e4hkli<\/b> osakesi), toiduv\u00e4rv kirsipunane (E122, E102, E330, E202), sinine (vesi, kandja propaan-1,2-diool, toiduv\u00e4rv E131, sool, E202), roheline (vesi, kandja E1520, toiduv\u00e4rvid E102, E131, sool, s\u00e4ilitusaine E202); s\u00f6\u00f6gisooda.<\/p>\n<p><b>100 g toodet sisaldab<\/b> energiat 1368,1kJ\/ 327,3 kcal, rasvu 23,2 g \u00a0sh k\u00fcllastunud rasvhappeid 1,4\u00a0 g, s\u00fcsivesikuid 24,3 g, sh suhkruid 18,6 g, valke 5,5 g, soola 0,1 g<\/p>\n<p>S\u00e4ilitustemperatuur <span class=\"Apple-converted-space\">\u00a0 <\/span>+2 \u2026+6\u00b0C<\/p>\n","protected":false},"excerpt":{"rendered":"<p>\u0421\u044b\u0440 &#171;Philadelphia&#187;, \u0441\u043c\u0435\u0442\u0430\u043d\u0430<\/p>\n<p>&nbsp;<\/p>\n","protected":false},"featured_media":13758,"comment_status":"open","ping_status":"closed","template":"","meta":[],"class_list":{"0":"post-2496","1":"product","2":"type-product","3":"status-publish","4":"has-post-thumbnail","6":"product_cat-tordid-tordid","8":"first","9":"instock","10":"taxable","11":"shipping-taxable","12":"purchasable","13":"product-type-simple"},"aioseo_notices":[],"_links":{"self":[{"href":"https:\/\/omatoit.ee\/ru\/wp-json\/wp\/v2\/product\/2496","targetHints":{"allow":["GET"]}}],"collection":[{"href":"https:\/\/omatoit.ee\/ru\/wp-json\/wp\/v2\/product"}],"about":[{"href":"https:\/\/omatoit.ee\/ru\/wp-json\/wp\/v2\/types\/product"}],"replies":[{"embeddable":true,"href":"https:\/\/omatoit.ee\/ru\/wp-json\/wp\/v2\/comments?post=2496"}],"wp:featuredmedia":[{"embeddable":true,"href":"https:\/\/omatoit.ee\/ru\/wp-json\/wp\/v2\/media\/13758"}],"wp:attachment":[{"href":"https:\/\/omatoit.ee\/ru\/wp-json\/wp\/v2\/media?parent=2496"}],"curies":[{"name":"wp","href":"https:\/\/api.w.org\/{rel}","templated":true}]}}