{"id":2498,"date":"2019-11-08T09:21:24","date_gmt":"2019-11-08T09:21:24","guid":{"rendered":"https:\/\/wp.omatoit.ee\/?post_type=product&#038;p=2498"},"modified":"2025-06-28T17:40:26","modified_gmt":"2025-06-28T15:40:26","slug":"toorjuustu-maasikakook","status":"publish","type":"product","link":"https:\/\/omatoit.ee\/ru\/menuu\/toorjuustu-maasikakook\/","title":{"rendered":"\u0427\u0438\u0437\u043a\u0435\u0439\u043a \u0441 \u043a\u043b\u0443\u0431\u043d\u0438\u043a\u043e\u0439"},"content":{"rendered":"<p><b>Koostis: <\/b>toorjuust<b> <\/b>(55%) (<b>piim,<\/b> sool, piimhappebakterid, ens\u00fc\u00fcm: laap, paksendaja: guarkummi, s\u00e4ilitusaine: kaaliumsorbaat); suhkur, <b>muna<\/b>mass<b>, <\/b>suhkruga taimne vahukreem<b> <\/b>(vesi, osaliselt h\u00fcdrogeenitud palmituuma\u00f5li, suhkur, stabilisaatorid E420ii, E460i, E466; emulgatorid E472b, <b>sojaletsitiin<\/b>, E471; <b>piima<\/b>valgud, sool, maitse- ja l\u00f5hnaained, happesuse regulaatorid E340ii, E331iii; toiduv\u00e4rv E160a. <b>Sisaldab allergeene: piim, soja<\/b>),<b> <\/b>maasikamoos (11%)<b> <\/b>(maasikad, suhkur, paksendaja: pektiin (E440), K-sorbaat (E202))), cristaline (gl\u00fckoosisiirup, vesi, suhkur, \u017eeleerivad ained agar ja pektiinid, happesuse regulaatorid sidrunhape ja difosfaadid, niiskuses\u00e4ilitaja gl\u00fctserool, s\u00e4ilitusaine kaaliumsorbaat), <b>nisu<\/b>jahu<b>, <\/b>margariin (vesi, taime\u00f5li (palmi-, rapsi\u00f5li), loomne rasv (searasv) erinevates vahekordades, emulgaator (E471), sool 0,2%, happesuse regulaator sidrunhape (E330), s\u00e4ilitusaine kaaliumsorbaat (E202), l\u00f5hna- ja maitseained, toiduv\u00e4rv annatto (E160b)), <b>maap\u00e4hkel, <\/b>vanillisuhkur, s\u00f6\u00f6gisooda, toiduv\u00e4rv kirsipunane<b> <\/b>(vesi, kandja E1520, toiduv\u00e4rvid E122 ja E102, s\u00e4ilitusaine E202, sool),\u00a0tume kakao desserdiglasuur (suhkur, h\u00fcdrogeenitud kookos\u00f5li &#8212; CBS, naturaalne kakao 10-12%, <b>sojaletsitiin<\/b> E322, tumeda \u0161okolaadi aroom, vanilliin. V\u00f5ib sisaldada <b>piima<\/b> ja <b>maap\u00e4hkli<\/b> osakesi).<\/p>\n<p><b>100 g toodet sisaldab<\/b> energiat 1509 kJ\/ 361 kcal, rasvu 23,6 g, millest k\u00fcllastunud rasvhappeid 1,4 g, s\u00fcsivesikuid 31,2 g, millest suhkruid 20,2 g, valke 5,9 g, soola 0,1 g<\/p>\n<p>S\u00e4ilitustemperatuur <span class=\"Apple-converted-space\">\u00a0 <\/span>+2 \u2026+6\u00b0C<\/p>\n","protected":false},"excerpt":{"rendered":"<p>\u0421\u044b\u0440 &#171;Philadelphia&#187;, \u043a\u043b\u0443\u0431\u043d\u0438\u043a\u0430<\/p>\n<p>&nbsp;<\/p>\n","protected":false},"featured_media":2499,"comment_status":"open","ping_status":"closed","template":"","meta":[],"class_list":{"0":"post-2498","1":"product","2":"type-product","3":"status-publish","4":"has-post-thumbnail","6":"product_cat-tordid-tordid","8":"first","9":"instock","10":"taxable","11":"shipping-taxable","12":"purchasable","13":"product-type-simple"},"aioseo_notices":[],"_links":{"self":[{"href":"https:\/\/omatoit.ee\/ru\/wp-json\/wp\/v2\/product\/2498","targetHints":{"allow":["GET"]}}],"collection":[{"href":"https:\/\/omatoit.ee\/ru\/wp-json\/wp\/v2\/product"}],"about":[{"href":"https:\/\/omatoit.ee\/ru\/wp-json\/wp\/v2\/types\/product"}],"replies":[{"embeddable":true,"href":"https:\/\/omatoit.ee\/ru\/wp-json\/wp\/v2\/comments?post=2498"}],"wp:featuredmedia":[{"embeddable":true,"href":"https:\/\/omatoit.ee\/ru\/wp-json\/wp\/v2\/media\/2499"}],"wp:attachment":[{"href":"https:\/\/omatoit.ee\/ru\/wp-json\/wp\/v2\/media?parent=2498"}],"curies":[{"name":"wp","href":"https:\/\/api.w.org\/{rel}","templated":true}]}}