{"id":2500,"date":"2019-11-08T09:22:27","date_gmt":"2019-11-08T09:22:27","guid":{"rendered":"https:\/\/wp.omatoit.ee\/?post_type=product&#038;p=2500"},"modified":"2025-06-28T17:39:26","modified_gmt":"2025-06-28T15:39:26","slug":"toorjuustu-karamellikook","status":"publish","type":"product","link":"https:\/\/omatoit.ee\/ru\/menuu\/toorjuustu-karamellikook\/","title":{"rendered":"\u0427\u0438\u0437\u043a\u0435\u0439\u043a \u0441 \u043a\u0430\u0440\u0430\u043c\u0435\u043b\u044c\u044e"},"content":{"rendered":"<p><b>Koostisosad: <\/b>Mascarpone juust (55%)<b> <\/b>(<b>koor<\/b>, happesuse regulaator: sidrunhape); suhkur, suhkruga taimne vahukreem (vesi; osaliselt h\u00fcdrogeenitud palmituuma\u00f5li; suhkur; stabilisaatorid E420ii, E460i, E466; emulgaatorid E472b;\u00a0<b>sojaletsitiin<\/b>; E471;\u00a0<b>piima<\/b>valgud; sool; maitse- ja l\u00f5hnaained; happesuse regulaatorid E340 ii, E331iii; toiduv\u00e4rv E160a.\u00a0<b>Sisaldab allergeene: piim, soja),<\/b> <b>muna<\/b>mass<b>, <\/b>karamellit\u00e4idis (10%) (gl\u00fckoosisiirup, magustataud kondenspiim (<b>piim, <\/b>suhkur)<b>,<span class=\"Apple-converted-space\">\u00a0<\/span><\/b> taimne rasv (kookos), emulgaator: rasvhapete mono- ja digl\u00fctseriidid, sool, looduslikud l\u00f5hna- ja maitseained)<b>,<\/b> <b>nisu<\/b>jahu<b>,<\/b> <b>kreeka p\u00e4hkel, <\/b>margariin (vesi, taime\u00f5li (palmi-, rapsi\u00f5li), loomne rasv (searasv) erinevates vahekordades, emulgaator (E471), sool 0,2%, happesuse regulaator sidrunhape (E330), s\u00e4ilitusaine kaaliumsorbaat (E202), l\u00f5hna- ja maitseained, toiduv\u00e4rv annatto (E160b)), s\u00f6\u00f6gisooda<\/p>\n<p><b>100 g toodet sisaldab<\/b> energiat 15,29 kJ\/ 401,1 kcal, rasvu 29,9 g, millest k\u00fcllastunud rasvhappeid 1,6 g, s\u00fcsivesikuid 26,9 g, millest suhkruid 21,2 g, valke 6,1 g, soola 0,1 g<\/p>\n<p>S\u00e4ilitustemperatuur <span class=\"Apple-converted-space\">\u00a0 <\/span>+2 \u2026+6\u00b0C<\/p>\n","protected":false},"excerpt":{"rendered":"<p>\u0421\u044b\u0440 &#171;Mascarpone&#187;, \u0433\u0440\u0435\u0446\u043a\u0438\u0439 \u043e\u0440\u0435\u0445<\/p>\n<p>&nbsp;<\/p>\n","protected":false},"featured_media":2501,"comment_status":"open","ping_status":"closed","template":"","meta":[],"class_list":{"0":"post-2500","1":"product","2":"type-product","3":"status-publish","4":"has-post-thumbnail","6":"product_cat-tordid-tordid","8":"first","9":"instock","10":"taxable","11":"shipping-taxable","12":"purchasable","13":"product-type-simple"},"aioseo_notices":[],"_links":{"self":[{"href":"https:\/\/omatoit.ee\/ru\/wp-json\/wp\/v2\/product\/2500","targetHints":{"allow":["GET"]}}],"collection":[{"href":"https:\/\/omatoit.ee\/ru\/wp-json\/wp\/v2\/product"}],"about":[{"href":"https:\/\/omatoit.ee\/ru\/wp-json\/wp\/v2\/types\/product"}],"replies":[{"embeddable":true,"href":"https:\/\/omatoit.ee\/ru\/wp-json\/wp\/v2\/comments?post=2500"}],"wp:featuredmedia":[{"embeddable":true,"href":"https:\/\/omatoit.ee\/ru\/wp-json\/wp\/v2\/media\/2501"}],"wp:attachment":[{"href":"https:\/\/omatoit.ee\/ru\/wp-json\/wp\/v2\/media?parent=2500"}],"curies":[{"name":"wp","href":"https:\/\/api.w.org\/{rel}","templated":true}]}}