{"id":2502,"date":"2019-11-08T09:23:31","date_gmt":"2019-11-08T09:23:31","guid":{"rendered":"https:\/\/wp.omatoit.ee\/?post_type=product&#038;p=2502"},"modified":"2025-06-28T17:38:32","modified_gmt":"2025-06-28T15:38:32","slug":"toorjuustu-mustikakook","status":"publish","type":"product","link":"https:\/\/omatoit.ee\/ru\/menuu\/toorjuustu-mustikakook\/","title":{"rendered":"\u0427\u0438\u0437\u043a\u0435\u0439\u043a \u0441 \u0447\u0435\u0440\u043d\u0438\u043a\u043e\u0439"},"content":{"rendered":"<p><b>Koostis:\u00a0<\/b>toorjuust<b> <\/b>(55%)<b> <\/b>(<b>piim,<\/b> sool, piimhappebakterid, ens\u00fc\u00fcm: laap, paksendaja: guarkummi, s\u00e4ilitusaine: kaaliumsorbaat);\u00a0suhkur<b>, muna<\/b>mass<b>, <\/b>suhkruga taimne vahukreem (vesi, osaliselt h\u00fcdrogeenitud palmituuma\u00f5li, suhkur, stabilisaatorid E420ii, E460i, E466; emulgatorid E472b,\u00a0<b>sojaletsitiin<\/b>, E471;\u00a0<b>piima<\/b>valgud, sool, maitse- ja l\u00f5hnaained, happesuse regulaatorid E340ii, E331iii; toiduv\u00e4rv E160a;\u00a0<b>sisaldab allergeene: piim, soja<\/b>), mustikamoos (10%) (mustikad (60%), suhkur, vesi, modifitseeritud t\u00e4rklis E1442, s\u00e4ilitusaine E202, maitse- ja l\u00f5hnaained), cristaline (gl\u00fckoosisiirup, vesi, suhkur, \u017eeleerivad ained agar ja pektiinid, happesuse regulaatorid, sidrunhape ja difosfaadid, niiskuses\u00e4ilitaja gl\u00fctserool, s\u00e4ilitusaine kaaliumsorbaat), <b>nisu<\/b>jahu, <b>mandli<\/b>laastud, margariin<b> <\/b>(vesi, taime\u00f5li (palmi-, rapsi\u00f5li), loomne rasv (searasv) erinevates vahekordades, emulgaator (E471), sool 0,2%, happesuse regulaator sidrunhape (E330), s\u00e4ilitusaine kaaliumsorbaat (E202), l\u00f5hna- ja maitseained, toiduv\u00e4rv annatto (E160b)), kakaoglasuur (suhkur, h\u00fcdrogeenitud taimerasv, v\u00e4hendatud rasvasisaldusega kakao, emulgaatorid E322,E492), vanillisuhkur, s\u00f6\u00f6gisooda.<\/p>\n<p><b>100 g toodet sisaldab<\/b> energiat 1423,3 kJ\/ 340,5kcal, rasvu 24 g, millest k\u00fcllastunud rasvhappeid 1,4 g, s\u00fcsivesikuid 25,1 g, millest suhkruid 2,9 g, valke 6 g, soola 0,1 g<\/p>\n<p>S\u00e4ilitustemperatuur <span class=\"Apple-converted-space\">\u00a0 <\/span>+2 \u2026+6\u00b0C<\/p>\n","protected":false},"excerpt":{"rendered":"<p>\u0421\u044b\u0440 &#171;Philadelphia&#187;, \u0447\u0435\u0440\u043d\u0438\u043a\u0430<\/p>\n<p>&nbsp;<\/p>\n","protected":false},"featured_media":2503,"comment_status":"open","ping_status":"closed","template":"","meta":[],"class_list":{"0":"post-2502","1":"product","2":"type-product","3":"status-publish","4":"has-post-thumbnail","6":"product_cat-tordid-tordid","8":"first","9":"instock","10":"taxable","11":"shipping-taxable","12":"purchasable","13":"product-type-simple"},"aioseo_notices":[],"_links":{"self":[{"href":"https:\/\/omatoit.ee\/ru\/wp-json\/wp\/v2\/product\/2502","targetHints":{"allow":["GET"]}}],"collection":[{"href":"https:\/\/omatoit.ee\/ru\/wp-json\/wp\/v2\/product"}],"about":[{"href":"https:\/\/omatoit.ee\/ru\/wp-json\/wp\/v2\/types\/product"}],"replies":[{"embeddable":true,"href":"https:\/\/omatoit.ee\/ru\/wp-json\/wp\/v2\/comments?post=2502"}],"wp:featuredmedia":[{"embeddable":true,"href":"https:\/\/omatoit.ee\/ru\/wp-json\/wp\/v2\/media\/2503"}],"wp:attachment":[{"href":"https:\/\/omatoit.ee\/ru\/wp-json\/wp\/v2\/media?parent=2502"}],"curies":[{"name":"wp","href":"https:\/\/api.w.org\/{rel}","templated":true}]}}