{"id":2504,"date":"2019-11-08T09:24:45","date_gmt":"2019-11-08T09:24:45","guid":{"rendered":"https:\/\/wp.omatoit.ee\/?post_type=product&#038;p=2504"},"modified":"2025-06-28T17:37:32","modified_gmt":"2025-06-28T15:37:32","slug":"mustika-mandurull-oma","status":"publish","type":"product","link":"https:\/\/omatoit.ee\/ru\/menuu\/mustika-mandurull-oma\/","title":{"rendered":"\u0427\u0435\u0440\u043d\u0438\u0447\u043d\u043e-\u043c\u0438\u043d\u0434\u0430\u043b\u044c\u043d\u044b\u0439 \u0440\u0443\u043b\u0435\u0442"},"content":{"rendered":"<p><b>Koostisosad: <\/b>mustikad k\u00fclmutatud (28%); suhkur; suhkruga taimne vahukreem (vesi, osaliselt h\u00fcdrogeenitud palmituuma\u00f5li, suhkur, stabilisaator E420ii, E460i, E466; emulgaatorid E472b, <b>sojaletsitiin<\/b>, E471; <b>piima<\/b>valgud, sool, maitse-ja l\u00f5hnaained, happesuse regulaatorid E340ii, E331iii; toiduv\u00e4rv E160a. <b>Sisaldab allergeene: piim, soja<\/b>); <b>muna<\/b>valgud; t\u00e4rklis; <b>mandli<\/b>laastud, maja-ja puuviljat\u00e4idisepaksendaja<\/p>\n<p><b>100g toodet sisaldab <\/b>energiat 1334,7 kJ\/ 319,3kcal, rasvu 14 g (millest k\u00fcllastunud rasvhappeid 0,3g), s\u00fcsivesikuid 44,0 g (millest suhkruid 35,6 g), valke 4,4 g, soola 0,3 g<b> <span class=\"Apple-converted-space\">\u00a0<\/span><\/b><\/p>\n<p>S\u00e4ilitustemperatuur <span class=\"Apple-converted-space\">\u00a0 \u00a0 <\/span>+2\u2026+6\u00b0C<\/p>","protected":false},"excerpt":{"rendered":"<p>\u0427\u0435\u0440\u043d\u0438\u043a\u0430, \u043c\u0438\u043d\u0434\u0430\u043b\u044c<\/p>\n<p>&nbsp;<\/p>\n","protected":false},"featured_media":13756,"comment_status":"open","ping_status":"closed","template":"","meta":[],"class_list":{"0":"post-2504","1":"product","2":"type-product","3":"status-publish","4":"has-post-thumbnail","6":"product_cat-tordid-tordid","8":"first","9":"instock","10":"taxable","11":"shipping-taxable","12":"purchasable","13":"product-type-simple"},"aioseo_notices":[],"_links":{"self":[{"href":"https:\/\/omatoit.ee\/ru\/wp-json\/wp\/v2\/product\/2504","targetHints":{"allow":["GET"]}}],"collection":[{"href":"https:\/\/omatoit.ee\/ru\/wp-json\/wp\/v2\/product"}],"about":[{"href":"https:\/\/omatoit.ee\/ru\/wp-json\/wp\/v2\/types\/product"}],"replies":[{"embeddable":true,"href":"https:\/\/omatoit.ee\/ru\/wp-json\/wp\/v2\/comments?post=2504"}],"wp:featuredmedia":[{"embeddable":true,"href":"https:\/\/omatoit.ee\/ru\/wp-json\/wp\/v2\/media\/13756"}],"wp:attachment":[{"href":"https:\/\/omatoit.ee\/ru\/wp-json\/wp\/v2\/media?parent=2504"}],"curies":[{"name":"wp","href":"https:\/\/api.w.org\/{rel}","templated":true}]}}