{"id":2515,"date":"2019-11-08T09:31:11","date_gmt":"2019-11-08T09:31:11","guid":{"rendered":"https:\/\/wp.omatoit.ee\/?post_type=product&#038;p=2515"},"modified":"2025-12-12T13:01:53","modified_gmt":"2025-12-12T11:01:53","slug":"kook-mooropea","status":"publish","type":"product","link":"https:\/\/omatoit.ee\/ru\/menuu\/kook-mooropea\/","title":{"rendered":"\u041f\u0438\u0440\u043e\u0436\u043d\u043e\u0435 &#171;\u0411\u0443\u0448\u0435&#187;"},"content":{"rendered":"<p>Koostiosad: <b>suhkruga taimne vahukreem <\/b>(vesi, osaliselt h\u00fcdrogeenitud palmituuma\u00f5li, suhkur, stabilisaatorid E420ii, E460i, E466; emulgaatorid E472b; <b>sojaletsitiin<\/b>; E471;\u00a0<b>piimavalgud<\/b>; sool; maitse- ja l\u00f5hnaained; happesuse regulaatorid E340 ii, E331iii; toiduv\u00e4rv E160a.\u00a0<b>Sisaldab allergeene: piim, soja<\/b>),<b> nisujahu, <\/b>suhkur,\u00a0quick Ovalett super (suhkru asendaja, paksendaja, emulgaator E471, vesi, piiritus, sidruni aroom); tume kakao desserdiglasuur (suhkur, h\u00fcdrogeenitud kookos\u00f5li &#8212; CBS, naturaalne kakao 10-12%, <b>soja<\/b>letsitiin E322, tumeda \u0161okolaadi aroom, vanilliin. V\u00f5ib sisaldada <b>piima<\/b> ja <b>maap\u00e4hkli<\/b> osakesi); suhkur; aprikoosimaitseline puuviljat\u00e4idis (p\u00fcreestatud \u00f5un (v\u00e4hemalt 125g puuvilju 100g toote kohta), suhkur, happesuse regulaator (E330), s\u00e4ilitusained (E202) v\u00e4rvained (E160c, E100), aroom), sool<\/p>\n<p><b>100 g toodet sisaldab<\/b>: energiat 1516,1 kJ\/ 362,7 kcal, rasvu 14,7 g, millest k\u00fcllastunud rasvhappeid 1,1 g, s\u00fcsivesikuid 51 g, millest suhkruid 31 g, valke 6,6 g, soola\u00a0 0,2 g<\/p>\n<p>S\u00e4ilitustemperatuur <span class=\"Apple-converted-space\">\u00a0 <\/span>+2\u2026+6\u00b0C<\/p>\n","protected":false},"excerpt":{"rendered":"<p>\u0428\u043e\u043a\u043e\u043b\u0430\u0434\u043d\u0430\u044f \u0433\u043b\u0430\u0437\u0443\u0440\u044c, \u0432\u0437\u0431\u0438\u0442\u044b\u0439 \u043a\u0440\u0435\u043c<\/p>\n","protected":false},"featured_media":14480,"comment_status":"open","ping_status":"closed","template":"","meta":[],"class_list":{"0":"post-2515","1":"product","2":"type-product","3":"status-publish","4":"has-post-thumbnail","6":"product_cat-koogid","8":"first","9":"instock","10":"taxable","11":"shipping-taxable","12":"purchasable","13":"product-type-simple"},"aioseo_notices":[],"_links":{"self":[{"href":"https:\/\/omatoit.ee\/ru\/wp-json\/wp\/v2\/product\/2515","targetHints":{"allow":["GET"]}}],"collection":[{"href":"https:\/\/omatoit.ee\/ru\/wp-json\/wp\/v2\/product"}],"about":[{"href":"https:\/\/omatoit.ee\/ru\/wp-json\/wp\/v2\/types\/product"}],"replies":[{"embeddable":true,"href":"https:\/\/omatoit.ee\/ru\/wp-json\/wp\/v2\/comments?post=2515"}],"wp:featuredmedia":[{"embeddable":true,"href":"https:\/\/omatoit.ee\/ru\/wp-json\/wp\/v2\/media\/14480"}],"wp:attachment":[{"href":"https:\/\/omatoit.ee\/ru\/wp-json\/wp\/v2\/media?parent=2515"}],"curies":[{"name":"wp","href":"https:\/\/api.w.org\/{rel}","templated":true}]}}