{"id":2531,"date":"2019-11-08T09:41:03","date_gmt":"2019-11-08T09:41:03","guid":{"rendered":"https:\/\/wp.omatoit.ee\/?post_type=product&#038;p=2531"},"modified":"2025-06-28T15:01:59","modified_gmt":"2025-06-28T13:01:59","slug":"makroonid","status":"publish","type":"product","link":"https:\/\/omatoit.ee\/ru\/menuu\/makroonid\/","title":{"rendered":"\u041c\u0430\u043a\u0430\u0440\u043e\u043d (\u0440\u0430\u0437\u043b\u0438\u0447\u043d\u044b\u0435 \u0432\u043a\u0443\u0441\u044b)"},"content":{"rendered":"<p><strong>Koostisosad:\u00a0<\/strong><strong>mandlijahu<\/strong>, tuhksuhkur, <strong>mandlit\u00e4idis\u00a0<\/strong>(aprikoosituumad (26%), vesi, invertsuhkrusiirup, <strong>munavalgepulber<\/strong>, etanool, kartulit\u00e4rklis), \u0161okolaadi t\u00e4idis (rapsi\u00f5li, palmrasv, lahja kakao (17%), kuivgl\u00fckoosisiirup, emulgaatorid E 472a, E322, <strong>piimavalk<\/strong>, maitse-ja l\u00f5hnaiane), <strong>muna<\/strong>, toiduv\u00e4rv kirsipunane (vesi, kandja E1520, toiduv\u00e4rvid\u00a0 E122 ja\u00a0 E102, s\u00e4ilitusaine E200, sool), sidrunikollane toiduv\u00e4rv (vesi, kandja E1520, toiduv\u00e4rvid E102, sool, s\u00e4ilitusaine E202), toiduv\u00e4rv roheline\u00a0 (vesi; kandja E1520; toiduv\u00e4rvid E102, toiduv\u00e4rv E131; sool; s\u00e4ilitusaine E202), toiduv\u00e4rv sinine (vesi, kandja propaan-1,2-diool, toiduv\u00e4rv E131, sool, s\u00e4ilitusaine E202).<\/p>\n<p>Toiduv\u00e4rv E122+E102 v\u00f5ib kahjustada laste t\u00e4helepanuv\u00f5imet ja aktiivsust<\/p>\n<p><strong>100 g toodet sisaldab<\/strong>: energiat\u00a0 3135 kJ\/ 750 K\u0441al, rasvu 40,3g, sh k\u00fcllastunud rasvhapped 20.3g, s\u00fcsivesikuid 86,6g, sh suhkrud 46,6g, valke 9,3g, soola 0,0<\/p>\n","protected":false},"excerpt":{"rendered":"<p>\u0420\u0430\u0437\u043b\u0438\u0447\u043d\u044b\u0435 \u0432\u043a\u0443\u0441\u044b<\/p>\n","protected":false},"featured_media":13857,"comment_status":"open","ping_status":"closed","template":"","meta":[],"class_list":{"0":"post-2531","1":"product","2":"type-product","3":"status-publish","4":"has-post-thumbnail","6":"product_cat-koogid","8":"first","9":"instock","10":"taxable","11":"shipping-taxable","12":"purchasable","13":"product-type-simple"},"aioseo_notices":[],"_links":{"self":[{"href":"https:\/\/omatoit.ee\/ru\/wp-json\/wp\/v2\/product\/2531","targetHints":{"allow":["GET"]}}],"collection":[{"href":"https:\/\/omatoit.ee\/ru\/wp-json\/wp\/v2\/product"}],"about":[{"href":"https:\/\/omatoit.ee\/ru\/wp-json\/wp\/v2\/types\/product"}],"replies":[{"embeddable":true,"href":"https:\/\/omatoit.ee\/ru\/wp-json\/wp\/v2\/comments?post=2531"}],"wp:featuredmedia":[{"embeddable":true,"href":"https:\/\/omatoit.ee\/ru\/wp-json\/wp\/v2\/media\/13857"}],"wp:attachment":[{"href":"https:\/\/omatoit.ee\/ru\/wp-json\/wp\/v2\/media?parent=2531"}],"curies":[{"name":"wp","href":"https:\/\/api.w.org\/{rel}","templated":true}]}}