{"id":2533,"date":"2019-11-08T09:41:58","date_gmt":"2019-11-08T09:41:58","guid":{"rendered":"https:\/\/wp.omatoit.ee\/?post_type=product&#038;p=2533"},"modified":"2025-12-11T16:53:10","modified_gmt":"2025-12-11T14:53:10","slug":"kohupiimakook-oma-sokolaadiga","status":"publish","type":"product","link":"https:\/\/omatoit.ee\/ru\/menuu\/kohupiimakook-oma-sokolaadiga\/","title":{"rendered":"\u0422\u0432\u043e\u0440\u043e\u0436\u043d\u043e\u0435 \u043f\u0438\u0440\u043e\u0436\u043d\u043e\u0435 \u0441 \u0448\u043e\u043a\u043e\u043b\u0430\u0434\u043e\u043c"},"content":{"rendered":"<p><b>oostisosad: <\/b>biskviit munamassiga\u00a0(<b>munamass, nisujahu, <\/b>suhkur,\u00a0quick Ovalett super (suhkru asendaja, paksendaja, emulgaator E471, vesi, piiritus, sidruni aroom); cristaline (gl\u00fckoosisiirup, vesi, suhkur, \u017eeleerivad ained agar ja pektiinid, happesuse regulaatorid, sidrunhape ja difosfaadid, niiskuses\u00e4ilitaja gl\u00fctserool, s\u00e4ilitusaine (kaaliumsorbaat); suhkruga taimne vahukreem<b>\u00a0<\/b>(vesi, osaliselt h\u00fcdrogeenitud palmituuma\u00f5li, suhkur, stabilisaator E420ii, E460i, E466; emulgaatorid E472b,\u00a0<b>sojaletsitiin<\/b>, E471;\u00a0<b>piimavalgud<\/b>, sool, maitse-ja l\u00f5hnaained, happesuse regulaatorid E340ii, E331iii; toiduv\u00e4rv E160a.\u00a0<b>Sisaldab allergeene: piim, soja<\/b>);<b> <\/b>rasvata pagari<b>kohupiim <\/b>(14%);\u00a0 suhkur; vesi;\u00a0 tume kakao desserdiglasuur (suhkur, h\u00fcdrogeenitud kookos\u00f5li &#8212; CBS, naturaalne kakao 10-12%, <b>soja<\/b>letsitiin E322, tumeda \u0161okolaadi aroom, vanilliin. V\u00f5ib sisaldada <b>piima<\/b> ja <b>maap\u00e4hkli<\/b> osakesi); toiduv\u00e4rv p\u00e4ikesekollane (vesi, kandja E1520, toiduv\u00e4rv (E100, maltodekstriin, modifitseeritud t\u00e4rklis), s\u00e4ilitusaine E202 Toiduv\u00e4rvi sisaldus: E102 0,6%); toiduv\u00e4rv roheline (vesi, kandja E1520, toiduv\u00e4rvid E102 ja E131, happesuse regulaator E330, s\u00e4ilitusaine E202. Toiduv\u00e4rvi sisaldus: E102=2,04%, E131=0,30%.Toiuv\u00e4rv E102 v\u00f5ib kahjustada laste aktiivsust ja t\u00e4helepanuv\u00f5imet).<\/p>\n<p>1<b>00 g toodet sisaldab:\u00a0<\/b>energiat 1351 kJ\/ 323,2 kcal, rasvu 11,9 g, millest k\u00fcllastunud rasvhappeid 0,74g, s\u00fcsivesikuid 48,5g, millest suhkruid 24 g, valke 5,4 g, soola 0,2 g<\/p>\n<p>S\u00e4ilitustemperatuur <span class=\"Apple-converted-space\">\u00a0 <\/span>+2\u2026+6\u00b0C<\/p>\n","protected":false},"excerpt":{"rendered":"<p>\u0412\u0435\u0441 ~ 130 \u0433\u0440<\/p>\n","protected":false},"featured_media":14481,"comment_status":"open","ping_status":"closed","template":"","meta":[],"class_list":{"0":"post-2533","1":"product","2":"type-product","3":"status-publish","4":"has-post-thumbnail","6":"product_cat-koogid","8":"first","9":"instock","10":"taxable","11":"shipping-taxable","12":"purchasable","13":"product-type-simple"},"aioseo_notices":[],"_links":{"self":[{"href":"https:\/\/omatoit.ee\/ru\/wp-json\/wp\/v2\/product\/2533","targetHints":{"allow":["GET"]}}],"collection":[{"href":"https:\/\/omatoit.ee\/ru\/wp-json\/wp\/v2\/product"}],"about":[{"href":"https:\/\/omatoit.ee\/ru\/wp-json\/wp\/v2\/types\/product"}],"replies":[{"embeddable":true,"href":"https:\/\/omatoit.ee\/ru\/wp-json\/wp\/v2\/comments?post=2533"}],"wp:featuredmedia":[{"embeddable":true,"href":"https:\/\/omatoit.ee\/ru\/wp-json\/wp\/v2\/media\/14481"}],"wp:attachment":[{"href":"https:\/\/omatoit.ee\/ru\/wp-json\/wp\/v2\/media?parent=2533"}],"curies":[{"name":"wp","href":"https:\/\/api.w.org\/{rel}","templated":true}]}}