{"id":2539,"date":"2019-11-08T09:45:50","date_gmt":"2019-11-08T09:45:50","guid":{"rendered":"https:\/\/wp.omatoit.ee\/?post_type=product&#038;p=2539"},"modified":"2025-06-28T14:59:23","modified_gmt":"2025-06-28T12:59:23","slug":"hapukoorekook-tilgake","status":"publish","type":"product","link":"https:\/\/omatoit.ee\/ru\/menuu\/hapukoorekook-tilgake\/","title":{"rendered":"\u041f\u0438\u0440\u043e\u0436\u043d\u043e\u0435 \u041a\u0430\u043f\u0435\u043b\u044c\u043a\u0430"},"content":{"rendered":"<p><strong>Koostisosad:\u00a0<\/strong><strong>hapukoor R20%;\u00a0<\/strong><strong>suhkruga taimne vahukreem\u00a0<\/strong>(vesi, osaliselt h\u00fcdrogeenitud palmituuma\u00f5li, suhkur, stabilisaator E420ii, E460i, E466; emulgaatorid E472b, <strong>sojaletsitiin<\/strong>, E471; <strong>piimavalgud<\/strong>, sool, maitse-ja l\u00f5hnaained, happesuse regulaatorid E340ii, E331iii; toiduv\u00e4rv E160a.\u00a0<strong>Sisaldab allergeene: piim, soja<\/strong>); <strong>biskviit munamassiga\u00a0<\/strong>(<strong>nisujahu<\/strong>, <strong>munamass<\/strong>, quick quick (suhkru asendaja paksendaja, emulgaator E471, vesi, piiritus, sidruni aroom), suhkur); suhkur; cristalline (gl\u00fckoosisiirup, vesi, suhkur, \u017eeleerivad ained agar ja pektiinid, happesuse regulaatorid sidrunhape ja difosfaadid, niiskuses\u00e4ilitaja gl\u00fctserool, s\u00e4ilitusaine kaaliumsorbaat); kookoshelbed; vesi; \u0161okolaadglasuur (suhkur; h\u00fcdrogeenitud taimerasv; v\u00e4hendatud rasvasisaldusega kakao; emulgaatorid E322, E492); toiduv\u00e4rv kirsipunane (vesi; kandja E1520; toiduv\u00e4rvid E122 ja E102; s\u00e4ilitusaine E202, sool. V\u00e4rvaine sisaldus: E122:1,82%, E102: 0,42%), dessertpasta Mustika (suhkur; gl\u00fckoosisiirup; mustikad 20%; v\u00e4rvitud toit(porgand, kibuvits, leedrimari kontsentraat), mustika mahla kontsentraat 6%, happesuse regulaatorid:E330, E450i, E341iii, stabilisaator: pektiin; toiduv\u00e4rv:E150d; l\u00f5hnaained).<\/p>\n<p><strong>100 g toodet sisaldab: <\/strong>energiat 1110 kJ\/ 264,4 kcal, rasvu 14,24 g\u00a0sh k\u00fcllastunud rasvhappeid 0,86g, s\u00fcsivesikuid 30 g, sh suhkruid 2,8 g, valke 3,34 g, soola max 0,5 g<\/p>\n","protected":false},"excerpt":{"rendered":"<p>\u0431\u0438\u0441\u043a\u0432\u0438\u0442, \u0441\u043c\u0435\u0442\u0430\u043d\u0430<br \/>\n\u0412\u0435\u0441 ~ 80 \u0433\u0440<\/p>\n","protected":false},"featured_media":13755,"comment_status":"open","ping_status":"closed","template":"","meta":[],"class_list":{"0":"post-2539","1":"product","2":"type-product","3":"status-publish","4":"has-post-thumbnail","6":"product_cat-koogid","8":"first","9":"instock","10":"taxable","11":"shipping-taxable","12":"purchasable","13":"product-type-simple"},"aioseo_notices":[],"_links":{"self":[{"href":"https:\/\/omatoit.ee\/ru\/wp-json\/wp\/v2\/product\/2539","targetHints":{"allow":["GET"]}}],"collection":[{"href":"https:\/\/omatoit.ee\/ru\/wp-json\/wp\/v2\/product"}],"about":[{"href":"https:\/\/omatoit.ee\/ru\/wp-json\/wp\/v2\/types\/product"}],"replies":[{"embeddable":true,"href":"https:\/\/omatoit.ee\/ru\/wp-json\/wp\/v2\/comments?post=2539"}],"wp:featuredmedia":[{"embeddable":true,"href":"https:\/\/omatoit.ee\/ru\/wp-json\/wp\/v2\/media\/13755"}],"wp:attachment":[{"href":"https:\/\/omatoit.ee\/ru\/wp-json\/wp\/v2\/media?parent=2539"}],"curies":[{"name":"wp","href":"https:\/\/api.w.org\/{rel}","templated":true}]}}