{"id":2543,"date":"2019-11-08T09:48:31","date_gmt":"2019-11-08T09:48:31","guid":{"rendered":"https:\/\/wp.omatoit.ee\/?post_type=product&#038;p=2543"},"modified":"2025-06-28T14:57:52","modified_gmt":"2025-06-28T12:57:52","slug":"cake-pop","status":"publish","type":"product","link":"https:\/\/omatoit.ee\/ru\/menuu\/cake-pop\/","title":{"rendered":"\u041a\u0435\u0439\u043a-\u041f\u043e\u043f"},"content":{"rendered":"<p><b>Koostisosad: biskviit munamassiga\u00a0<\/b>(<b>muna<\/b>mass<b>, nisu<\/b>jahu<b>, <\/b>suhkur,<b>\u00a0<\/b>ovalett (suhkru asendaja paksendaja, emulgaator E471, vesi, piiritus, sidruni aroom)); suhkruvesi (suhkur, vesi); \u0161okolaadne biskviit<b>\u00a0<\/b>(<b>muna<\/b>mass,\u00a0<b>nisu<\/b>jahu, suhkur,\u00a0hapu<b>koor,\u00a0<\/b>rapsi\u00f5li, kakaopulber 1,5% ,\u00a0k\u00fcpsetuspulber\u00a0(happesuse regulaator difosfaadid, kergitusaine naatriumkarbonaadid,\u00a0<b>nisu<\/b>jahu)); vanilli-taimerasvaglasuur (suhkur, h\u00fcdrogeenitud palmituuma\u00f5li,<b>\u00a0<\/b>magus<b> peti<\/b>pulber, emulgaatorid E492, E322 (p\u00e4evalille), looduslik l\u00f5hna-ja maitseaine, rapsi\u00f5li, sool); margariin (taimne rasv ja \u00f5li (80%), vesi, emulgaatorid (mono- ja digl\u00fctseriidid,\u00a0<b>sojaletsitiin<\/b>; E475); konservant kaaliumsorbaat E202; l\u00f5hnaained, mis vastavad naturaalsetele, happesuse regulaator sidrunihape, v\u00e4rv betakarotiin); tuhksuhkur; vesi; rapsi\u00f5li; toiduv\u00e4rv kirsipunane (vesi, kandja E1520, toiduv\u00e4rvid E122 ja E102, happesuse regulaator E330, s\u00e4ilitusaine E202. Toiduv\u00e4rvi sisaldus: E122=1,82%, E102=0,42%. Sisaldab toiduv\u00e4rvi. Toiuv\u00e4rvid E122 ja E102 v\u00f5ivad kahjustada laste t\u00e4helepanuv\u00f5imet ja aktiivsust), toiduv\u00e4rv roheline (vesi, kandja E1520, toiduv\u00e4rvid E102 ja E131, happesuse regulaator E330, s\u00e4ilitusaine E202. Toiduv\u00e4rvi sisaldus: E102=2,04%, E131=0,30%.Toiuv\u00e4rv E102 v\u00f5ib kahjustada laste aktiivsust ja t\u00e4helepanuv\u00f5imet); toiduv\u00e4rv sinine (vesi, kandja E1520, toiduv\u00e4rv E131, s\u00e4ilitusaine E202); toiduv\u00e4rv p\u00e4ikesekollane (vesi, kandja E1520, toiduv\u00e4rv (E100, maltodekstriin, modifitseeritud t\u00e4rklis), s\u00e4ilitusaine E202 Toiduv\u00e4rvi sisaldus: E102 0,6%). Sisaldab toiduv\u00e4rvi.<\/p>\n<p><b>100 g toodet sisaldab:\u00a0<\/b>energiat 1384,8 kJ\/ 331,3 kcal, rasvu 16,7 g, millest k\u00fcllastunud rasvhappeid 3,4g, s\u00fcsivesikuid 39,6 g, millest suhkruid 28 g, valke 5,8 g, soola 0,3 g<b>\u00a0<\/b><\/p>\n<p>S\u00e4ilitustemperatuur <span class=\"Apple-converted-space\">\u00a0 <\/span>+2\u2026+6\u00b0C<\/p>\n","protected":false},"excerpt":{"rendered":"<p>\u041f\u0438\u0440\u043e\u0436\u043d\u043e\u0435 \u043d\u0430 \u043f\u0430\u043b\u043e\u0447\u043a\u0435<br \/>\n\u0412\u0435\u0441 ~ 100 \u0433\u0440<\/p>\n","protected":false},"featured_media":13789,"comment_status":"open","ping_status":"closed","template":"","meta":[],"class_list":{"0":"post-2543","1":"product","2":"type-product","3":"status-publish","4":"has-post-thumbnail","6":"product_cat-koogid","8":"first","9":"instock","10":"taxable","11":"shipping-taxable","12":"purchasable","13":"product-type-simple"},"aioseo_notices":[],"_links":{"self":[{"href":"https:\/\/omatoit.ee\/ru\/wp-json\/wp\/v2\/product\/2543","targetHints":{"allow":["GET"]}}],"collection":[{"href":"https:\/\/omatoit.ee\/ru\/wp-json\/wp\/v2\/product"}],"about":[{"href":"https:\/\/omatoit.ee\/ru\/wp-json\/wp\/v2\/types\/product"}],"replies":[{"embeddable":true,"href":"https:\/\/omatoit.ee\/ru\/wp-json\/wp\/v2\/comments?post=2543"}],"wp:featuredmedia":[{"embeddable":true,"href":"https:\/\/omatoit.ee\/ru\/wp-json\/wp\/v2\/media\/13789"}],"wp:attachment":[{"href":"https:\/\/omatoit.ee\/ru\/wp-json\/wp\/v2\/media?parent=2543"}],"curies":[{"name":"wp","href":"https:\/\/api.w.org\/{rel}","templated":true}]}}