{"id":3732,"date":"2019-12-23T16:32:34","date_gmt":"2019-12-23T16:32:34","guid":{"rendered":"https:\/\/omatoit.ee\/?post_type=product&#038;p=3732"},"modified":"2025-06-28T17:36:04","modified_gmt":"2025-06-28T15:36:04","slug":"vaarika-mandlirull-oma-%d0%ba%d0%be%d0%bf%d0%b8%d1%80%d0%be%d0%b2%d0%b0%d1%82%d1%8c","status":"publish","type":"product","link":"https:\/\/omatoit.ee\/ru\/menuu\/vaarika-mandlirull-oma-%d0%ba%d0%be%d0%bf%d0%b8%d1%80%d0%be%d0%b2%d0%b0%d1%82%d1%8c\/","title":{"rendered":"\u041c\u0430\u043b\u0438\u043d\u043e\u0432\u043e-\u043c\u0438\u043d\u0434\u0430\u043b\u044c\u043d\u044b\u0439 \u0440\u0443\u043b\u0435\u0442"},"content":{"rendered":"<p><b>Koostisosad: <\/b>vaarikad k\u00fclmutatud (28%); suhkur; suhkruga taimne vahukreem (vesi, osaliselt h\u00fcdrogeenitud palmituuma\u00f5li, suhkur, stabilisaator E420ii, E460i, E466; emulgaatorid E472b, <b>sojaletsitiin<\/b>, E471; <b>piima<\/b>valgud, sool, maitse-ja l\u00f5hnaained, happesuse regulaatorid E340ii, E331iii; toiduv\u00e4rv E160a. <b>Sisaldab allergeene: piim, soja<\/b>); <b>muna<\/b>valgud; t\u00e4rklis; <b>mandli<\/b>laastud, marja-puuviljat\u00e4idisepaksendaja<\/p>\n<p><b>100g toodet sisaldab <\/b>energiat 1325 kJ\/ 316,9 kcal, rasvu 14 g (millest k\u00fcllastunud rasvhappeid 0,3g), s\u00fcsivesikuid 43,2 g (millest suhkruid 35,6 g), valke 4,5 g, soola<span class=\"Apple-converted-space\">\u00a0 <\/span>0,3 g<b><span class=\"Apple-converted-space\">\u00a0<\/span><\/b><\/p>\n<p>S\u00e4ilitustemperatuur <span class=\"Apple-converted-space\">\u00a0 \u00a0 <\/span>+2\u2026+6\u00b0C<\/p>\n","protected":false},"excerpt":{"rendered":"<p>\u041c\u0430\u043b\u0438\u043d\u0430, \u043c\u0438\u043d\u0434\u0430\u043b\u044c<\/p>\n<p>&nbsp;<\/p>\n","protected":false},"featured_media":2486,"comment_status":"open","ping_status":"closed","template":"","meta":[],"class_list":{"0":"post-3732","1":"product","2":"type-product","3":"status-publish","4":"has-post-thumbnail","6":"product_cat-tordid-tordid","8":"first","9":"instock","10":"taxable","11":"shipping-taxable","12":"purchasable","13":"product-type-simple"},"aioseo_notices":[],"_links":{"self":[{"href":"https:\/\/omatoit.ee\/ru\/wp-json\/wp\/v2\/product\/3732","targetHints":{"allow":["GET"]}}],"collection":[{"href":"https:\/\/omatoit.ee\/ru\/wp-json\/wp\/v2\/product"}],"about":[{"href":"https:\/\/omatoit.ee\/ru\/wp-json\/wp\/v2\/types\/product"}],"replies":[{"embeddable":true,"href":"https:\/\/omatoit.ee\/ru\/wp-json\/wp\/v2\/comments?post=3732"}],"wp:featuredmedia":[{"embeddable":true,"href":"https:\/\/omatoit.ee\/ru\/wp-json\/wp\/v2\/media\/2486"}],"wp:attachment":[{"href":"https:\/\/omatoit.ee\/ru\/wp-json\/wp\/v2\/media?parent=3732"}],"curies":[{"name":"wp","href":"https:\/\/api.w.org\/{rel}","templated":true}]}}