{"id":3734,"date":"2019-12-23T16:36:53","date_gmt":"2019-12-23T16:36:53","guid":{"rendered":"https:\/\/omatoit.ee\/?post_type=product&#038;p=3734"},"modified":"2025-06-28T17:34:05","modified_gmt":"2025-06-28T15:34:05","slug":"vaarika-kohupiimatort-%d0%ba%d0%be%d0%bf%d0%b8%d1%80%d0%be%d0%b2%d0%b0%d1%82%d1%8c-%d0%ba%d0%be%d0%bf%d0%b8%d1%80%d0%be%d0%b2%d0%b0%d1%82%d1%8c","status":"publish","type":"product","link":"https:\/\/omatoit.ee\/ru\/menuu\/vaarika-kohupiimatort-%d0%ba%d0%be%d0%bf%d0%b8%d1%80%d0%be%d0%b2%d0%b0%d1%82%d1%8c-%d0%ba%d0%be%d0%bf%d0%b8%d1%80%d0%be%d0%b2%d0%b0%d1%82%d1%8c\/","title":{"rendered":"\u041c\u0430\u043b\u0438\u043d\u043e\u0432\u043e-\u0442\u0432\u043e\u0440\u043e\u0436\u043d\u044b\u0439 \u0442\u043e\u0440\u0442"},"content":{"rendered":"<p><b>Koostisosad<\/b>: vaarikad k\u00fclmutatud (20%); kohu<b>piim<\/b> lahja (rasvata) (14%); suhkur;\u00a0suhkruga taimne vahukreem<b>\u00a0<\/b>(vesi; osaliselt h\u00fcdrogeenitud palmituuma\u00f5li; suhkur; stabilisaatorid E420ii, E460i, E466; emulgaatorid E472b; <b>sojaletsitiin<\/b>; E471;\u00a0<b>piima<\/b>valgud; sool; maitse- ja l\u00f5hnaained; happesuse regulaatorid E340 ii, E331iii; toiduv\u00e4rv E160a. <b>Sisaldab allergeene: piim, soja<\/b>); <b>muna<\/b>mass; <b>nisu<\/b>jahu; claro \u017eeleepulber (suhkur; happesuse regulaatorid E331, E330, E340E; \u017eeleerivad ained E407, E440; paksendajad E410, E414; gl\u00fckoos; karamell; l\u00f5hna-ja maitseaine); toiduv\u00e4rv kirsipunane (vesi; kandja E1520; toiduv\u00e4rvid E122 ja E102; s\u00e4ilitusaine E202; sool. V\u00e4rvaine sisaldus: E122:1,82%, E102: 0,42%);\u00a0biskviidi puru v\u00e4rvitud (<b>nisu<\/b>jahu; <b>muna<\/b>mass; toiduv\u00e4rv roheline (vesi; kandja E1520; toiduv\u00e4rvid E102; toiduv\u00e4rv E131; sool; s\u00e4ilitusaine E202); quick (suhkru asendaja paksendaja, emulgaator E471, vesi, piiritus, sidruni aroom).<\/p>\n<p><b>100g toodet sisaldab<\/b> energiat 816,35 kJ\/ 195,3 kcal, rasvu 7 g, millest k\u00fcllastunud rasvhappeid 0,7 g, s\u00fcsivesikuid 27,7 g, millest suhkruid 18,9 g, valke 5,4 g, soola 0,1 g<\/p>\n<p>S\u00e4ilitustemperatuur <span class=\"Apple-converted-space\">\u00a0 <\/span>+2 \u2026+6\u00b0C<\/p>\n","protected":false},"excerpt":{"rendered":"<p>\u041c\u0430\u043b\u0438\u043d\u0430, \u0442\u0432\u043e\u0440\u043e\u0433<\/p>\n<p>&nbsp;<\/p>\n","protected":false},"featured_media":4952,"comment_status":"open","ping_status":"closed","template":"","meta":[],"class_list":{"0":"post-3734","1":"product","2":"type-product","3":"status-publish","4":"has-post-thumbnail","6":"product_cat-tordid-tordid","8":"first","9":"instock","10":"taxable","11":"shipping-taxable","12":"purchasable","13":"product-type-simple"},"aioseo_notices":[],"_links":{"self":[{"href":"https:\/\/omatoit.ee\/ru\/wp-json\/wp\/v2\/product\/3734","targetHints":{"allow":["GET"]}}],"collection":[{"href":"https:\/\/omatoit.ee\/ru\/wp-json\/wp\/v2\/product"}],"about":[{"href":"https:\/\/omatoit.ee\/ru\/wp-json\/wp\/v2\/types\/product"}],"replies":[{"embeddable":true,"href":"https:\/\/omatoit.ee\/ru\/wp-json\/wp\/v2\/comments?post=3734"}],"wp:featuredmedia":[{"embeddable":true,"href":"https:\/\/omatoit.ee\/ru\/wp-json\/wp\/v2\/media\/4952"}],"wp:attachment":[{"href":"https:\/\/omatoit.ee\/ru\/wp-json\/wp\/v2\/media?parent=3734"}],"curies":[{"name":"wp","href":"https:\/\/api.w.org\/{rel}","templated":true}]}}