{"id":4829,"date":"2020-02-03T16:35:51","date_gmt":"2020-02-03T14:35:51","guid":{"rendered":"https:\/\/omatoit.ee\/?post_type=product&#038;p=4829"},"modified":"2025-06-29T10:47:31","modified_gmt":"2025-06-29T08:47:31","slug":"kook-kiusatus","status":"publish","type":"product","link":"https:\/\/omatoit.ee\/ru\/menuu\/kook-kiusatus\/","title":{"rendered":"\u041f\u0438\u0440\u043e\u0436\u043d\u043e\u0435 &#171;\u0418\u0441\u043a\u0443\u0448\u0435\u043d\u0438\u0435&#187;"},"content":{"rendered":"<p><b>Koostisosad:<\/b>\u00a0toorjuust<b> <\/b>(<b>piim,<\/b> sool, <b>piimhappe<\/b>bakterid, ens\u00fc\u00fcm: laap, paksendaja: guarkummi, s\u00e4ilitusaine: kaaliumsorbaat);\u00a0suhkruga taimne vahukreem (vesi, osaliselt h\u00fcdrogeenitud palmituuma\u00f5li, suhkur, stabilisaator\u00a0E420ii, E460i, E466; emulgaatorid E472b,\u00a0<b>sojaletsitiin<\/b>, E471;\u00a0<b>piimavalgud<\/b>, sool, maitse- ja\u00a0l\u00f5hnaained, happesuse regulaatorid E340ii, E331iii; toiduv\u00e4rv E160a.\u00a0<b>Sisaldab allergeene: piim,\u00a0soja)<\/b>,\u00a0suhkur,\u00a0apelsinit\u00e4idis \u017eeeles (apelsiin, suhkur, vesi, paksendaja pektiin ja\u00a0naatriumalginaat, happesuse regulaator sidrunhape, tardaine kaltsiumtsitraat, s\u00e4ilitusaine\u00a0kaaliumsorbaat), Callebaut Tume (kakaomass, suhkur, kakaov\u00f5i, emulgaator <b>sojaletsitiin<\/b>, loodustik l\u00f5hna- ja maitseaine vanill), biskviit munamassiga\u00a0(<b>munamass, nisujahu, <\/b>suhkur,\u00a0quick Ovalett super (suhkru asendaja, paksendaja, emulgaator E471, vesi, piiritus, sidruni aroom); k\u00fcpsis Degestive (jahu <b>nisu <\/b>(53%), riis,\u00a0palmrasv, suhkur, <b>nisukliid<\/b>, <b>nisu <\/b>(1,2%), kergitusained (ammooniumvesinikkarbonaat,\u00a0naatriumvesinikkarbonaat), invertsuhkrusiirup, gl\u00fckoosisiirup, sool, <b>l\u00f5ssipulber<\/b> (<b>piim<\/b>), l\u00f5hna- ja maitseained, emulgaator (p\u00e4evalille letsitiin), tume kakao desserdiglasuur (suhkur, h\u00fcdrogeenitud kookos\u00f5li &#8212; CBS, naturaalne kakao 10-12%, <b>sojaletsitiin <\/b>E322, tumeda \u0161okolaadi aroom, vanilliin. V\u00f5ib sisaldada <b>piima<\/b> ja <b>maap\u00e4hkli<\/b> osakesi); kakaopulber<\/p>\n<p><b>100g toodet sisaldab<\/b>: energiat 1536,2 kJ\/ 367,5 kcal, rasvu 16,1 g, millest k\u00fcllastunud rasvhappeid 0,5,\u00a0s\u00fcsivesikuid 20 g, millest suhkruid 18 g, valke 4,2 g, soola 0,4g<\/p>\n<p>S\u00e4ilitustemperatuur <span class=\"Apple-converted-space\">\u00a0 <\/span>+2\u2026+6\u00b0C<\/p>","protected":false},"excerpt":{"rendered":"<p>\u0412\u0430\u043d\u0438\u043b\u044c\u043d\u044b\u0439 \u0431\u0438\u0441\u043a\u0432\u0438\u0442, \u043d\u0430\u0447\u0438\u043d\u043a\u0430 \u0438\u0437 \u0430\u043f\u0435\u043b\u044c\u0441\u0438\u043d\u043e\u0432\u043e\u0433\u043e \u0432\u0430\u0440\u0435\u043d\u044c\u044f \u0438 \u043f\u0435\u0447\u0435\u043d\u044c\u044f &#171;Digestive&#187;, \u043a\u0440\u0435\u043c \u0438\u0437 \u0441\u043b\u0438\u0432\u043e\u043a, \u0441\u044b\u0440\u0430 &#171;Philadelphia&#187; \u0438 \u0433\u043e\u0440\u044c\u043a\u043e\u0433\u043e \u0448\u043e\u043a\u043e\u043b\u0430\u0434\u0430<\/p>\n<p>&nbsp;<\/p>\n","protected":false},"featured_media":4830,"comment_status":"open","ping_status":"closed","template":"","meta":[],"class_list":{"0":"post-4829","1":"product","2":"type-product","3":"status-publish","4":"has-post-thumbnail","6":"product_cat-koogid","8":"first","9":"instock","10":"taxable","11":"shipping-taxable","12":"purchasable","13":"product-type-simple"},"aioseo_notices":[],"_links":{"self":[{"href":"https:\/\/omatoit.ee\/ru\/wp-json\/wp\/v2\/product\/4829","targetHints":{"allow":["GET"]}}],"collection":[{"href":"https:\/\/omatoit.ee\/ru\/wp-json\/wp\/v2\/product"}],"about":[{"href":"https:\/\/omatoit.ee\/ru\/wp-json\/wp\/v2\/types\/product"}],"replies":[{"embeddable":true,"href":"https:\/\/omatoit.ee\/ru\/wp-json\/wp\/v2\/comments?post=4829"}],"wp:featuredmedia":[{"embeddable":true,"href":"https:\/\/omatoit.ee\/ru\/wp-json\/wp\/v2\/media\/4830"}],"wp:attachment":[{"href":"https:\/\/omatoit.ee\/ru\/wp-json\/wp\/v2\/media?parent=4829"}],"curies":[{"name":"wp","href":"https:\/\/api.w.org\/{rel}","templated":true}]}}